{"id":4742,"date":"2025-06-28T16:51:56","date_gmt":"2025-06-28T14:51:56","guid":{"rendered":"https:\/\/uj.adatbank.ro\/lexikon\/termek\/binder-gyozo\/"},"modified":"2025-06-28T16:51:56","modified_gmt":"2025-06-28T14:51:56","slug":"binder-gyozo","status":"publish","type":"product","link":"https:\/\/uj.adatbank.ro\/lexikon\/termek\/binder-gyozo\/","title":{"rendered":"BINDER Gy\u0151z\u0151"},"content":{"rendered":"<p>Segesv\u00e1r, 1846. \u2020 1902.: f\u0151szolgab\u00edr\u00f3. \u2013 K\u00f6z\u00e9piskol\u00e1it Sz\u00e9kelyudvarhelyt, a jogot Nagyszebenben v\u00e9gezte s hivatali m\u0171k\u00f6d\u00e9s\u00e9t u. o. kezdte a szolgab\u00edr\u00f3i hivataln\u00e1l (\u20131902). Erd\u00e9ly t\u00f6bb v\u00e1ros\u00e1ban is dolgozott. <br \/><strong>Irod.:<\/strong> Guly\u00e1s<\/br><\/p>\n","protected":false},"excerpt":{"rendered":"<p>Segesv\u00e1r, 1846. \u2020 1902.: f\u0151szolgab\u00edr\u00f3. \u2013 K\u00f6z\u00e9piskol\u00e1it Sz\u00e9kelyudvarhelyt, a jogot Nagyszebenben v\u00e9gezte s hivatali m\u0171k\u00f6d\u00e9s\u00e9t u. o. kezdte a szolgab\u00edr\u00f3i hivataln\u00e1l (\u20131902). Erd\u00e9ly t\u00f6bb v\u00e1ros\u00e1ban is dolgozott. Irod.: Guly\u00e1s<\/p>\n","protected":false},"featured_media":0,"comment_status":"open","ping_status":"closed","template":"","meta":[],"product_brand":[],"product_cat":[137],"product_tag":[],"class_list":{"0":"post-4742","1":"product","2":"type-product","3":"status-publish","5":"product_cat-maros-megyei-eletrajzi-lexikon","7":"first","8":"instock","9":"shipping-taxable","10":"product-type-simple"},"_links":{"self":[{"href":"https:\/\/uj.adatbank.ro\/lexikon\/wp-json\/wp\/v2\/product\/4742","targetHints":{"allow":["GET"]}}],"collection":[{"href":"https:\/\/uj.adatbank.ro\/lexikon\/wp-json\/wp\/v2\/product"}],"about":[{"href":"https:\/\/uj.adatbank.ro\/lexikon\/wp-json\/wp\/v2\/types\/product"}],"replies":[{"embeddable":true,"href":"https:\/\/uj.adatbank.ro\/lexikon\/wp-json\/wp\/v2\/comments?post=4742"}],"wp:attachment":[{"href":"https:\/\/uj.adatbank.ro\/lexikon\/wp-json\/wp\/v2\/media?parent=4742"}],"wp:term":[{"taxonomy":"product_brand","embeddable":true,"href":"https:\/\/uj.adatbank.ro\/lexikon\/wp-json\/wp\/v2\/product_brand?post=4742"},{"taxonomy":"product_cat","embeddable":true,"href":"https:\/\/uj.adatbank.ro\/lexikon\/wp-json\/wp\/v2\/product_cat?post=4742"},{"taxonomy":"product_tag","embeddable":true,"href":"https:\/\/uj.adatbank.ro\/lexikon\/wp-json\/wp\/v2\/product_tag?post=4742"}],"curies":[{"name":"wp","href":"https:\/\/api.w.org\/{rel}","templated":true}]}}