{"id":4743,"date":"2025-06-28T16:51:57","date_gmt":"2025-06-28T14:51:57","guid":{"rendered":"https:\/\/uj.adatbank.ro\/lexikon\/termek\/binder-hermann-felix\/"},"modified":"2025-06-28T16:51:57","modified_gmt":"2025-06-28T14:51:57","slug":"binder-hermann-felix","status":"publish","type":"product","link":"https:\/\/uj.adatbank.ro\/lexikon\/termek\/binder-hermann-felix\/","title":{"rendered":"BINDER Hermann Felix"},"content":{"rendered":"<p>? \u2020\u00a0? : ev. lelk\u00e9sz. \u2013 Sz\u00e1szk\u00e9zden (1934\u201336) szolg\u00e1lt, majd a Prot. Egy\u00e1zak Teol\u00f3giai Int\u00e9zete tan\u00e1ra lett. P\u00fcsp\u00f6ki vik\u00e1riusk\u00e9nt r\u00e9szt vett a koeduk\u00e1ci\u00f3s (fi\u00fak \u00e9s l\u00e1nyok) nevel\u00e9s bevezet\u00e9s\u00e9ben \u00e9s fenntart\u00e1s\u00e1ban. <br \/><strong>Irod.:<\/strong> Saschiz<\/br><\/p>\n","protected":false},"excerpt":{"rendered":"<p>? \u2020\u00a0? : ev. lelk\u00e9sz. \u2013 Sz\u00e1szk\u00e9zden (1934\u201336) szolg\u00e1lt, majd a Prot. Egy\u00e1zak Teol\u00f3giai Int\u00e9zete tan\u00e1ra lett. P\u00fcsp\u00f6ki vik\u00e1riusk\u00e9nt r\u00e9szt vett a koeduk\u00e1ci\u00f3s (fi\u00fak \u00e9s l\u00e1nyok) nevel\u00e9s bevezet\u00e9s\u00e9ben \u00e9s fenntart\u00e1s\u00e1ban. Irod.: Saschiz<\/p>\n","protected":false},"featured_media":0,"comment_status":"open","ping_status":"closed","template":"","meta":[],"product_brand":[],"product_cat":[137],"product_tag":[],"class_list":{"0":"post-4743","1":"product","2":"type-product","3":"status-publish","5":"product_cat-maros-megyei-eletrajzi-lexikon","7":"first","8":"instock","9":"shipping-taxable","10":"product-type-simple"},"_links":{"self":[{"href":"https:\/\/uj.adatbank.ro\/lexikon\/wp-json\/wp\/v2\/product\/4743","targetHints":{"allow":["GET"]}}],"collection":[{"href":"https:\/\/uj.adatbank.ro\/lexikon\/wp-json\/wp\/v2\/product"}],"about":[{"href":"https:\/\/uj.adatbank.ro\/lexikon\/wp-json\/wp\/v2\/types\/product"}],"replies":[{"embeddable":true,"href":"https:\/\/uj.adatbank.ro\/lexikon\/wp-json\/wp\/v2\/comments?post=4743"}],"wp:attachment":[{"href":"https:\/\/uj.adatbank.ro\/lexikon\/wp-json\/wp\/v2\/media?parent=4743"}],"wp:term":[{"taxonomy":"product_brand","embeddable":true,"href":"https:\/\/uj.adatbank.ro\/lexikon\/wp-json\/wp\/v2\/product_brand?post=4743"},{"taxonomy":"product_cat","embeddable":true,"href":"https:\/\/uj.adatbank.ro\/lexikon\/wp-json\/wp\/v2\/product_cat?post=4743"},{"taxonomy":"product_tag","embeddable":true,"href":"https:\/\/uj.adatbank.ro\/lexikon\/wp-json\/wp\/v2\/product_tag?post=4743"}],"curies":[{"name":"wp","href":"https:\/\/api.w.org\/{rel}","templated":true}]}}