{"id":4745,"date":"2025-06-28T16:52:01","date_gmt":"2025-06-28T14:52:01","guid":{"rendered":"https:\/\/uj.adatbank.ro\/lexikon\/termek\/binder-johann-binder-joannes\/"},"modified":"2025-06-28T16:52:01","modified_gmt":"2025-06-28T14:52:01","slug":"binder-johann-binder-joannes","status":"publish","type":"product","link":"https:\/\/uj.adatbank.ro\/lexikon\/termek\/binder-johann-binder-joannes\/","title":{"rendered":"BINDER Johann, Binder Joannes"},"content":{"rendered":"<p>Apold, ? \u2020 Sz\u00e1szsebes (Feh\u00e9r), 1770. \u00e1pr. 15.: tan\u00e1r, lelk\u00e9sz. \u2013 Rektor (1743\u201349); lelk\u00e9sz Sz\u00e1szsebesen. \u2013 <strong>F. m.:<\/strong> Disputatio prima eaque periodica de principio cognoscendi theologiam revelatam sive Sacra Scriptura, quam\u2026 praeside Martino Diterich \u2026 defendendam suscipiet (Francofurti ad Viadrum, 1745). <br \/><strong>Irod.:<\/strong> RMK III\/18. sz.; Szab\u00f3\u2013Sz\u00f6gi<\/br><\/p>\n","protected":false},"excerpt":{"rendered":"<p>Apold, ? \u2020 Sz\u00e1szsebes (Feh\u00e9r), 1770. \u00e1pr. 15.: tan\u00e1r, lelk\u00e9sz. \u2013 Rektor (1743\u201349); lelk\u00e9sz Sz\u00e1szsebesen. \u2013 F. m.: Disputatio prima eaque periodica de principio cognoscendi theologiam revelatam sive Sacra Scriptura, quam\u2026 praeside Martino Diterich \u2026 defendendam suscipiet (Francofurti ad Viadrum, 1745). Irod.: RMK III\/18. sz.; Szab\u00f3\u2013Sz\u00f6gi<\/p>\n","protected":false},"featured_media":0,"comment_status":"open","ping_status":"closed","template":"","meta":[],"product_brand":[],"product_cat":[137],"product_tag":[],"class_list":{"0":"post-4745","1":"product","2":"type-product","3":"status-publish","5":"product_cat-maros-megyei-eletrajzi-lexikon","7":"first","8":"instock","9":"shipping-taxable","10":"product-type-simple"},"_links":{"self":[{"href":"https:\/\/uj.adatbank.ro\/lexikon\/wp-json\/wp\/v2\/product\/4745","targetHints":{"allow":["GET"]}}],"collection":[{"href":"https:\/\/uj.adatbank.ro\/lexikon\/wp-json\/wp\/v2\/product"}],"about":[{"href":"https:\/\/uj.adatbank.ro\/lexikon\/wp-json\/wp\/v2\/types\/product"}],"replies":[{"embeddable":true,"href":"https:\/\/uj.adatbank.ro\/lexikon\/wp-json\/wp\/v2\/comments?post=4745"}],"wp:attachment":[{"href":"https:\/\/uj.adatbank.ro\/lexikon\/wp-json\/wp\/v2\/media?parent=4745"}],"wp:term":[{"taxonomy":"product_brand","embeddable":true,"href":"https:\/\/uj.adatbank.ro\/lexikon\/wp-json\/wp\/v2\/product_brand?post=4745"},{"taxonomy":"product_cat","embeddable":true,"href":"https:\/\/uj.adatbank.ro\/lexikon\/wp-json\/wp\/v2\/product_cat?post=4745"},{"taxonomy":"product_tag","embeddable":true,"href":"https:\/\/uj.adatbank.ro\/lexikon\/wp-json\/wp\/v2\/product_tag?post=4745"}],"curies":[{"name":"wp","href":"https:\/\/api.w.org\/{rel}","templated":true}]}}