{"id":4746,"date":"2025-06-28T16:52:03","date_gmt":"2025-06-28T14:52:03","guid":{"rendered":"https:\/\/uj.adatbank.ro\/lexikon\/termek\/binder-johann-binder-johannes\/"},"modified":"2025-06-28T16:52:03","modified_gmt":"2025-06-28T14:52:03","slug":"binder-johann-binder-johannes","status":"publish","type":"product","link":"https:\/\/uj.adatbank.ro\/lexikon\/termek\/binder-johann-binder-johannes\/","title":{"rendered":"BINDER Johann, Binder Johannes"},"content":{"rendered":"<p>Bene, 1767. febr. 12., \u2020 Nagyszeben, 1805. nov. 12.: tan\u00e1r. \u2013 A sz\u00e9kelyudvarhelyi \u00e9s a nagyszebeni gimn.-ban \u00e9s a g\u00f6ttingai egy.-en tanult. Tan\u00e1r Nagyszebenben (1793\u2013), majd rektor. A G\u00f6ttingai Tud\u00f3st\u00e1rsas\u00e1g levelez\u0151 tagja (1801). T\u00f6bb f\u00f6ldrajzi \u00e9s etnogr\u00e1fiai tanulm\u00e1nya jelent meg. \u2013 <strong>F. m.:<\/strong> Commentatio de politia veteris urbis Romae, quam inconcertatione civium Academiae Georgiae Augustae \u2026 ad praemium \u2026 ordo philosophorum proxime accedere indicavit (G\u00f6ttingae, 1791); Methodus inveniendi sinus arcuum n plicium, n numerum seu integrum, seu fractum significante (Cibinii, 1787); Imperium Austriacum (1804). <br \/><strong>Irod.:<\/strong> RMK III\/18. sz.; Szinnyei; Szinnyei J.-Sz. J.; Szinnyei J\u00f3zsef; Todea\u2013F\u00fcl\u00f6p\u2013Avram<\/br><\/p>\n","protected":false},"excerpt":{"rendered":"<p>Bene, 1767. febr. 12., \u2020 Nagyszeben, 1805. nov. 12.: tan\u00e1r. \u2013 A sz\u00e9kelyudvarhelyi \u00e9s a nagyszebeni gimn.-ban \u00e9s a g\u00f6ttingai egy.-en tanult. Tan\u00e1r Nagyszebenben (1793\u2013), majd rektor. A G\u00f6ttingai Tud\u00f3st\u00e1rsas\u00e1g levelez\u0151 tagja (1801). T\u00f6bb f\u00f6ldrajzi \u00e9s etnogr\u00e1fiai tanulm\u00e1nya jelent meg. \u2013 F. m.: Commentatio de politia veteris urbis Romae, quam inconcertatione civium Academiae Georgiae Augustae [&hellip;]<\/p>\n","protected":false},"featured_media":0,"comment_status":"open","ping_status":"closed","template":"","meta":[],"product_brand":[],"product_cat":[137],"product_tag":[],"class_list":{"0":"post-4746","1":"product","2":"type-product","3":"status-publish","5":"product_cat-maros-megyei-eletrajzi-lexikon","7":"first","8":"instock","9":"shipping-taxable","10":"product-type-simple"},"_links":{"self":[{"href":"https:\/\/uj.adatbank.ro\/lexikon\/wp-json\/wp\/v2\/product\/4746","targetHints":{"allow":["GET"]}}],"collection":[{"href":"https:\/\/uj.adatbank.ro\/lexikon\/wp-json\/wp\/v2\/product"}],"about":[{"href":"https:\/\/uj.adatbank.ro\/lexikon\/wp-json\/wp\/v2\/types\/product"}],"replies":[{"embeddable":true,"href":"https:\/\/uj.adatbank.ro\/lexikon\/wp-json\/wp\/v2\/comments?post=4746"}],"wp:attachment":[{"href":"https:\/\/uj.adatbank.ro\/lexikon\/wp-json\/wp\/v2\/media?parent=4746"}],"wp:term":[{"taxonomy":"product_brand","embeddable":true,"href":"https:\/\/uj.adatbank.ro\/lexikon\/wp-json\/wp\/v2\/product_brand?post=4746"},{"taxonomy":"product_cat","embeddable":true,"href":"https:\/\/uj.adatbank.ro\/lexikon\/wp-json\/wp\/v2\/product_cat?post=4746"},{"taxonomy":"product_tag","embeddable":true,"href":"https:\/\/uj.adatbank.ro\/lexikon\/wp-json\/wp\/v2\/product_tag?post=4746"}],"curies":[{"name":"wp","href":"https:\/\/api.w.org\/{rel}","templated":true}]}}