{"id":4747,"date":"2025-06-28T16:52:04","date_gmt":"2025-06-28T14:52:04","guid":{"rendered":"https:\/\/uj.adatbank.ro\/lexikon\/termek\/binder-johannes\/"},"modified":"2025-06-28T16:52:04","modified_gmt":"2025-06-28T14:52:04","slug":"binder-johannes","status":"publish","type":"product","link":"https:\/\/uj.adatbank.ro\/lexikon\/termek\/binder-johannes\/","title":{"rendered":"BINDER Johannes"},"content":{"rendered":"<p>1789., \u2020 1846.: orgona\u00e9p\u00edt\u0151. \u2013 A segesv\u00e1ri csal\u00e1d els\u0151 jelent\u0151s k\u00e9pvisel\u0151je. Maros megy\u00e9ben 4 \u00e1ltala \u00e9p\u00edtett orgon\u00e1t ismer\u00fcnk: K\u00f6rtv\u00e9lyf\u00e1ja m\u0171eml\u00e9k ref. templ. (1839), Maross\u00e1rpatak ref. templ. (1840), Ny\u00e1r\u00e1dkar\u00e1csonyfalva- Folyfalva ref. templ. (1833), Sz\u00f6v\u00e9rd (1835) ref. templomaiban <br \/><strong>Irod.:<\/strong> Cs\u00edky Csaba; D\u00e1vid<\/br><\/p>\n","protected":false},"excerpt":{"rendered":"<p>1789., \u2020 1846.: orgona\u00e9p\u00edt\u0151. \u2013 A segesv\u00e1ri csal\u00e1d els\u0151 jelent\u0151s k\u00e9pvisel\u0151je. Maros megy\u00e9ben 4 \u00e1ltala \u00e9p\u00edtett orgon\u00e1t ismer\u00fcnk: K\u00f6rtv\u00e9lyf\u00e1ja m\u0171eml\u00e9k ref. templ. (1839), Maross\u00e1rpatak ref. templ. (1840), Ny\u00e1r\u00e1dkar\u00e1csonyfalva- Folyfalva ref. templ. (1833), Sz\u00f6v\u00e9rd (1835) ref. templomaiban Irod.: Cs\u00edky Csaba; D\u00e1vid<\/p>\n","protected":false},"featured_media":0,"comment_status":"open","ping_status":"closed","template":"","meta":[],"product_brand":[],"product_cat":[137],"product_tag":[],"class_list":{"0":"post-4747","1":"product","2":"type-product","3":"status-publish","5":"product_cat-maros-megyei-eletrajzi-lexikon","7":"first","8":"instock","9":"shipping-taxable","10":"product-type-simple"},"_links":{"self":[{"href":"https:\/\/uj.adatbank.ro\/lexikon\/wp-json\/wp\/v2\/product\/4747","targetHints":{"allow":["GET"]}}],"collection":[{"href":"https:\/\/uj.adatbank.ro\/lexikon\/wp-json\/wp\/v2\/product"}],"about":[{"href":"https:\/\/uj.adatbank.ro\/lexikon\/wp-json\/wp\/v2\/types\/product"}],"replies":[{"embeddable":true,"href":"https:\/\/uj.adatbank.ro\/lexikon\/wp-json\/wp\/v2\/comments?post=4747"}],"wp:attachment":[{"href":"https:\/\/uj.adatbank.ro\/lexikon\/wp-json\/wp\/v2\/media?parent=4747"}],"wp:term":[{"taxonomy":"product_brand","embeddable":true,"href":"https:\/\/uj.adatbank.ro\/lexikon\/wp-json\/wp\/v2\/product_brand?post=4747"},{"taxonomy":"product_cat","embeddable":true,"href":"https:\/\/uj.adatbank.ro\/lexikon\/wp-json\/wp\/v2\/product_cat?post=4747"},{"taxonomy":"product_tag","embeddable":true,"href":"https:\/\/uj.adatbank.ro\/lexikon\/wp-json\/wp\/v2\/product_tag?post=4747"}],"curies":[{"name":"wp","href":"https:\/\/api.w.org\/{rel}","templated":true}]}}