{"id":4750,"date":"2025-06-28T16:52:07","date_gmt":"2025-06-28T14:52:07","guid":{"rendered":"https:\/\/uj.adatbank.ro\/lexikon\/termek\/binder-martin\/"},"modified":"2025-06-28T16:52:07","modified_gmt":"2025-06-28T14:52:07","slug":"binder-martin","status":"publish","type":"product","link":"https:\/\/uj.adatbank.ro\/lexikon\/termek\/binder-martin\/","title":{"rendered":"BINDER Martin"},"content":{"rendered":"<p>Z\u00e1gor, ?, \u2020 Z\u00e1gor, 1798. febr. 17.: lelkip\u00e1sztor. \u2013 Tanult Erlagenben teol\u00f3gi\u00e1t (1777). Lelkip\u00e1sztor Z\u00e1gorban (1787\u2013). <br \/><strong>Irod.:<\/strong> Szab\u00f3\u2013Sz\u00f6gi<\/br><\/p>\n","protected":false},"excerpt":{"rendered":"<p>Z\u00e1gor, ?, \u2020 Z\u00e1gor, 1798. febr. 17.: lelkip\u00e1sztor. \u2013 Tanult Erlagenben teol\u00f3gi\u00e1t (1777). Lelkip\u00e1sztor Z\u00e1gorban (1787\u2013). Irod.: Szab\u00f3\u2013Sz\u00f6gi<\/p>\n","protected":false},"featured_media":0,"comment_status":"open","ping_status":"closed","template":"","meta":[],"product_brand":[],"product_cat":[137],"product_tag":[],"class_list":{"0":"post-4750","1":"product","2":"type-product","3":"status-publish","5":"product_cat-maros-megyei-eletrajzi-lexikon","7":"first","8":"instock","9":"shipping-taxable","10":"product-type-simple"},"_links":{"self":[{"href":"https:\/\/uj.adatbank.ro\/lexikon\/wp-json\/wp\/v2\/product\/4750","targetHints":{"allow":["GET"]}}],"collection":[{"href":"https:\/\/uj.adatbank.ro\/lexikon\/wp-json\/wp\/v2\/product"}],"about":[{"href":"https:\/\/uj.adatbank.ro\/lexikon\/wp-json\/wp\/v2\/types\/product"}],"replies":[{"embeddable":true,"href":"https:\/\/uj.adatbank.ro\/lexikon\/wp-json\/wp\/v2\/comments?post=4750"}],"wp:attachment":[{"href":"https:\/\/uj.adatbank.ro\/lexikon\/wp-json\/wp\/v2\/media?parent=4750"}],"wp:term":[{"taxonomy":"product_brand","embeddable":true,"href":"https:\/\/uj.adatbank.ro\/lexikon\/wp-json\/wp\/v2\/product_brand?post=4750"},{"taxonomy":"product_cat","embeddable":true,"href":"https:\/\/uj.adatbank.ro\/lexikon\/wp-json\/wp\/v2\/product_cat?post=4750"},{"taxonomy":"product_tag","embeddable":true,"href":"https:\/\/uj.adatbank.ro\/lexikon\/wp-json\/wp\/v2\/product_tag?post=4750"}],"curies":[{"name":"wp","href":"https:\/\/api.w.org\/{rel}","templated":true}]}}