{"id":4752,"date":"2025-06-28T16:52:09","date_gmt":"2025-06-28T14:52:09","guid":{"rendered":"https:\/\/uj.adatbank.ro\/lexikon\/termek\/binder-martin-3\/"},"modified":"2025-06-28T16:52:09","modified_gmt":"2025-06-28T14:52:09","slug":"binder-martin-3","status":"publish","type":"product","link":"https:\/\/uj.adatbank.ro\/lexikon\/termek\/binder-martin-3\/","title":{"rendered":"BINDER Martin"},"content":{"rendered":"<p>Sz\u00e1sz\u00f6rm\u00e9nyes, 1872. febr. 22., \u2020 1930. nov. 9.: tan\u00e1r, ev. lelk\u00e9sz. \u2013 Apja f\u00f6ldm\u0171ves. \u2013 Szebenben kezdte tanulm\u00e1nyait, majd Bp.-en \u00e9s Kv.-on tanult, a j\u00e9nai egy.-en a Hittud. \u00e9s B\u00f6lcs\u00e9szeti Karon volt hallgat\u00f3 (1894. nov. 6. \u201394). Tan\u00e1r Szebenben (1898\u2013), hitsz\u00f3nok Segesv\u00e1ron (1902), Szebenben (1903). Lelk\u00e9sz Bolk\u00e1cson (1904\u2013), Kisszelyken (1909\u2013), Medgyesen (1920\u2013), majd S\u00e1roson. <br \/><strong>Irod.:<\/strong> Szab\u00f3\u2013Simon\u2013Sz\u00f6gi<\/br><\/p>\n","protected":false},"excerpt":{"rendered":"<p>Sz\u00e1sz\u00f6rm\u00e9nyes, 1872. febr. 22., \u2020 1930. nov. 9.: tan\u00e1r, ev. lelk\u00e9sz. \u2013 Apja f\u00f6ldm\u0171ves. \u2013 Szebenben kezdte tanulm\u00e1nyait, majd Bp.-en \u00e9s Kv.-on tanult, a j\u00e9nai egy.-en a Hittud. \u00e9s B\u00f6lcs\u00e9szeti Karon volt hallgat\u00f3 (1894. nov. 6. \u201394). Tan\u00e1r Szebenben (1898\u2013), hitsz\u00f3nok Segesv\u00e1ron (1902), Szebenben (1903). Lelk\u00e9sz Bolk\u00e1cson (1904\u2013), Kisszelyken (1909\u2013), Medgyesen (1920\u2013), majd S\u00e1roson. Irod.: [&hellip;]<\/p>\n","protected":false},"featured_media":0,"comment_status":"open","ping_status":"closed","template":"","meta":[],"product_brand":[],"product_cat":[137],"product_tag":[],"class_list":{"0":"post-4752","1":"product","2":"type-product","3":"status-publish","5":"product_cat-maros-megyei-eletrajzi-lexikon","7":"first","8":"instock","9":"shipping-taxable","10":"product-type-simple"},"_links":{"self":[{"href":"https:\/\/uj.adatbank.ro\/lexikon\/wp-json\/wp\/v2\/product\/4752","targetHints":{"allow":["GET"]}}],"collection":[{"href":"https:\/\/uj.adatbank.ro\/lexikon\/wp-json\/wp\/v2\/product"}],"about":[{"href":"https:\/\/uj.adatbank.ro\/lexikon\/wp-json\/wp\/v2\/types\/product"}],"replies":[{"embeddable":true,"href":"https:\/\/uj.adatbank.ro\/lexikon\/wp-json\/wp\/v2\/comments?post=4752"}],"wp:attachment":[{"href":"https:\/\/uj.adatbank.ro\/lexikon\/wp-json\/wp\/v2\/media?parent=4752"}],"wp:term":[{"taxonomy":"product_brand","embeddable":true,"href":"https:\/\/uj.adatbank.ro\/lexikon\/wp-json\/wp\/v2\/product_brand?post=4752"},{"taxonomy":"product_cat","embeddable":true,"href":"https:\/\/uj.adatbank.ro\/lexikon\/wp-json\/wp\/v2\/product_cat?post=4752"},{"taxonomy":"product_tag","embeddable":true,"href":"https:\/\/uj.adatbank.ro\/lexikon\/wp-json\/wp\/v2\/product_tag?post=4752"}],"curies":[{"name":"wp","href":"https:\/\/api.w.org\/{rel}","templated":true}]}}