{"id":4754,"date":"2025-06-28T16:52:12","date_gmt":"2025-06-28T14:52:12","guid":{"rendered":"https:\/\/uj.adatbank.ro\/lexikon\/termek\/binder-peter\/"},"modified":"2025-06-28T16:52:12","modified_gmt":"2025-06-28T14:52:12","slug":"binder-peter","status":"publish","type":"product","link":"https:\/\/uj.adatbank.ro\/lexikon\/termek\/binder-peter\/","title":{"rendered":"BINDER P\u00e9ter"},"content":{"rendered":"<p>Brass\u00f3, 1936. m\u00e1j. 17., \u2020 Mv., 1998. m\u00e1j. 1.: orvos. \u2013 Orvosi tanulm\u00e1nyait Ia\u015fiban folytatta. K\u00f6rorvosi, alorvosi \u00e9s f\u0151orvosi beoszt\u00e1sban dolgozott Borosjen\u0151n, Kisjen\u0151n, Lugoson \u00e9s Mv.-en a Pszichi\u00e1triai Klinik\u00e1n elmegy\u00f3gy\u00e1sz szakorvos. Tanulm\u00e1nyai jelentek meg a Ideggy\u00f3gy\u00e1szati Szemle (1979, 1982, 1984), Arta Haematol (1979). \u2013 <strong>F. m.:<\/strong> <strong>t\u00e1rssz.:<\/strong> Nemzeti Pszichi\u00e1triai Tan\u00e1cskoz\u00e1s (Temesv\u00e1r, 1977). <br \/><strong>Irod.:<\/strong> EMKK2010;. Kiss\u2013P\u00e9terffy\u2013P\u00e9terffy; [Nekrol\u00f3g] (N\u00fa., 1998. m\u00e1j. 2); RMKK; Todea\u2013F\u00fcl\u00f6p\u2013Avram<\/br><\/p>\n","protected":false},"excerpt":{"rendered":"<p>Brass\u00f3, 1936. m\u00e1j. 17., \u2020 Mv., 1998. m\u00e1j. 1.: orvos. \u2013 Orvosi tanulm\u00e1nyait Ia\u015fiban folytatta. K\u00f6rorvosi, alorvosi \u00e9s f\u0151orvosi beoszt\u00e1sban dolgozott Borosjen\u0151n, Kisjen\u0151n, Lugoson \u00e9s Mv.-en a Pszichi\u00e1triai Klinik\u00e1n elmegy\u00f3gy\u00e1sz szakorvos. Tanulm\u00e1nyai jelentek meg a Ideggy\u00f3gy\u00e1szati Szemle (1979, 1982, 1984), Arta Haematol (1979). \u2013 F. m.: t\u00e1rssz.: Nemzeti Pszichi\u00e1triai Tan\u00e1cskoz\u00e1s (Temesv\u00e1r, 1977). Irod.: EMKK2010;. Kiss\u2013P\u00e9terffy\u2013P\u00e9terffy; [&hellip;]<\/p>\n","protected":false},"featured_media":0,"comment_status":"open","ping_status":"closed","template":"","meta":[],"product_brand":[],"product_cat":[137],"product_tag":[],"class_list":{"0":"post-4754","1":"product","2":"type-product","3":"status-publish","5":"product_cat-maros-megyei-eletrajzi-lexikon","7":"first","8":"instock","9":"shipping-taxable","10":"product-type-simple"},"_links":{"self":[{"href":"https:\/\/uj.adatbank.ro\/lexikon\/wp-json\/wp\/v2\/product\/4754","targetHints":{"allow":["GET"]}}],"collection":[{"href":"https:\/\/uj.adatbank.ro\/lexikon\/wp-json\/wp\/v2\/product"}],"about":[{"href":"https:\/\/uj.adatbank.ro\/lexikon\/wp-json\/wp\/v2\/types\/product"}],"replies":[{"embeddable":true,"href":"https:\/\/uj.adatbank.ro\/lexikon\/wp-json\/wp\/v2\/comments?post=4754"}],"wp:attachment":[{"href":"https:\/\/uj.adatbank.ro\/lexikon\/wp-json\/wp\/v2\/media?parent=4754"}],"wp:term":[{"taxonomy":"product_brand","embeddable":true,"href":"https:\/\/uj.adatbank.ro\/lexikon\/wp-json\/wp\/v2\/product_brand?post=4754"},{"taxonomy":"product_cat","embeddable":true,"href":"https:\/\/uj.adatbank.ro\/lexikon\/wp-json\/wp\/v2\/product_cat?post=4754"},{"taxonomy":"product_tag","embeddable":true,"href":"https:\/\/uj.adatbank.ro\/lexikon\/wp-json\/wp\/v2\/product_tag?post=4754"}],"curies":[{"name":"wp","href":"https:\/\/api.w.org\/{rel}","templated":true}]}}