{"id":4756,"date":"2025-06-28T16:52:19","date_gmt":"2025-06-28T14:52:19","guid":{"rendered":"https:\/\/uj.adatbank.ro\/lexikon\/termek\/binder-samuel-2\/"},"modified":"2025-06-28T16:52:19","modified_gmt":"2025-06-28T14:52:19","slug":"binder-samuel-2","status":"publish","type":"product","link":"https:\/\/uj.adatbank.ro\/lexikon\/termek\/binder-samuel-2\/","title":{"rendered":"BINDER S\u00e1muel"},"content":{"rendered":"<p>1816, \u2020\u00a01885.: orgona\u00e9p\u00edt\u0151. \u2013 Segesv\u00e1ri orgona\u00e9p\u00edt\u0151. 5 \u00e1ltala ismert orgona tal\u00e1lhat\u00f3 Maros megyei m\u0171eml\u00e9k unit. templomokban, ezek: Rava (1835), Magyarp\u00e9terlaka (1843), Szentgerice (1845), Jedd (1845), Erd\u0151csin\u00e1d ref. (1847), Gernyeszeg m\u0171eml\u00e9k ref. templ. (1853), majd a ny\u00e1r\u00e1dszeredait \u00e9p\u00edtette (1855). <br \/><strong>Irod.:<\/strong> Berekm\u00e9ri Edmond: \u00dajra r\u00e9gi hangj\u00e1val sz\u00f3l a gernyeszegiek orgon\u00e1ja (V\u00e1s\u00e1rhelyi H\u00edrlap, 2010. dec. 23.); Cs\u00edky Csaba; D\u00e1vid<\/br><\/p>\n","protected":false},"excerpt":{"rendered":"<p>1816, \u2020\u00a01885.: orgona\u00e9p\u00edt\u0151. \u2013 Segesv\u00e1ri orgona\u00e9p\u00edt\u0151. 5 \u00e1ltala ismert orgona tal\u00e1lhat\u00f3 Maros megyei m\u0171eml\u00e9k unit. templomokban, ezek: Rava (1835), Magyarp\u00e9terlaka (1843), Szentgerice (1845), Jedd (1845), Erd\u0151csin\u00e1d ref. (1847), Gernyeszeg m\u0171eml\u00e9k ref. templ. (1853), majd a ny\u00e1r\u00e1dszeredait \u00e9p\u00edtette (1855). Irod.: Berekm\u00e9ri Edmond: \u00dajra r\u00e9gi hangj\u00e1val sz\u00f3l a gernyeszegiek orgon\u00e1ja (V\u00e1s\u00e1rhelyi H\u00edrlap, 2010. dec. 23.); Cs\u00edky Csaba; [&hellip;]<\/p>\n","protected":false},"featured_media":0,"comment_status":"open","ping_status":"closed","template":"","meta":[],"product_brand":[],"product_cat":[137],"product_tag":[],"class_list":{"0":"post-4756","1":"product","2":"type-product","3":"status-publish","5":"product_cat-maros-megyei-eletrajzi-lexikon","7":"first","8":"instock","9":"shipping-taxable","10":"product-type-simple"},"_links":{"self":[{"href":"https:\/\/uj.adatbank.ro\/lexikon\/wp-json\/wp\/v2\/product\/4756","targetHints":{"allow":["GET"]}}],"collection":[{"href":"https:\/\/uj.adatbank.ro\/lexikon\/wp-json\/wp\/v2\/product"}],"about":[{"href":"https:\/\/uj.adatbank.ro\/lexikon\/wp-json\/wp\/v2\/types\/product"}],"replies":[{"embeddable":true,"href":"https:\/\/uj.adatbank.ro\/lexikon\/wp-json\/wp\/v2\/comments?post=4756"}],"wp:attachment":[{"href":"https:\/\/uj.adatbank.ro\/lexikon\/wp-json\/wp\/v2\/media?parent=4756"}],"wp:term":[{"taxonomy":"product_brand","embeddable":true,"href":"https:\/\/uj.adatbank.ro\/lexikon\/wp-json\/wp\/v2\/product_brand?post=4756"},{"taxonomy":"product_cat","embeddable":true,"href":"https:\/\/uj.adatbank.ro\/lexikon\/wp-json\/wp\/v2\/product_cat?post=4756"},{"taxonomy":"product_tag","embeddable":true,"href":"https:\/\/uj.adatbank.ro\/lexikon\/wp-json\/wp\/v2\/product_tag?post=4756"}],"curies":[{"name":"wp","href":"https:\/\/api.w.org\/{rel}","templated":true}]}}