{"id":4757,"date":"2025-06-28T16:52:20","date_gmt":"2025-06-28T14:52:20","guid":{"rendered":"https:\/\/uj.adatbank.ro\/lexikon\/termek\/binder-vilmos\/"},"modified":"2025-06-28T16:52:20","modified_gmt":"2025-06-28T14:52:20","slug":"binder-vilmos","status":"publish","type":"product","link":"https:\/\/uj.adatbank.ro\/lexikon\/termek\/binder-vilmos\/","title":{"rendered":"BINDER Vilmos"},"content":{"rendered":"<p>? \u2020\u00a0? : orgona\u00e9p\u00edt\u0151. \u2013 Segesv\u00e1ri orgona\u00e9p\u00edt\u0151, \u00e9p\u00edtette a marosbog\u00e1ti ref. templom orgon\u00e1j\u00e1t (1840). <br \/><strong>Irod.:<\/strong> K\u00fck\u00fcll\u0151i Ref. Egyh\u00e1zm. 3., 4.<\/br><\/p>\n","protected":false},"excerpt":{"rendered":"<p>? \u2020\u00a0? : orgona\u00e9p\u00edt\u0151. \u2013 Segesv\u00e1ri orgona\u00e9p\u00edt\u0151, \u00e9p\u00edtette a marosbog\u00e1ti ref. templom orgon\u00e1j\u00e1t (1840). Irod.: K\u00fck\u00fcll\u0151i Ref. Egyh\u00e1zm. 3., 4.<\/p>\n","protected":false},"featured_media":0,"comment_status":"open","ping_status":"closed","template":"","meta":[],"product_brand":[],"product_cat":[137],"product_tag":[],"class_list":{"0":"post-4757","1":"product","2":"type-product","3":"status-publish","5":"product_cat-maros-megyei-eletrajzi-lexikon","7":"first","8":"instock","9":"shipping-taxable","10":"product-type-simple"},"_links":{"self":[{"href":"https:\/\/uj.adatbank.ro\/lexikon\/wp-json\/wp\/v2\/product\/4757","targetHints":{"allow":["GET"]}}],"collection":[{"href":"https:\/\/uj.adatbank.ro\/lexikon\/wp-json\/wp\/v2\/product"}],"about":[{"href":"https:\/\/uj.adatbank.ro\/lexikon\/wp-json\/wp\/v2\/types\/product"}],"replies":[{"embeddable":true,"href":"https:\/\/uj.adatbank.ro\/lexikon\/wp-json\/wp\/v2\/comments?post=4757"}],"wp:attachment":[{"href":"https:\/\/uj.adatbank.ro\/lexikon\/wp-json\/wp\/v2\/media?parent=4757"}],"wp:term":[{"taxonomy":"product_brand","embeddable":true,"href":"https:\/\/uj.adatbank.ro\/lexikon\/wp-json\/wp\/v2\/product_brand?post=4757"},{"taxonomy":"product_cat","embeddable":true,"href":"https:\/\/uj.adatbank.ro\/lexikon\/wp-json\/wp\/v2\/product_cat?post=4757"},{"taxonomy":"product_tag","embeddable":true,"href":"https:\/\/uj.adatbank.ro\/lexikon\/wp-json\/wp\/v2\/product_tag?post=4757"}],"curies":[{"name":"wp","href":"https:\/\/api.w.org\/{rel}","templated":true}]}}