{"id":4758,"date":"2025-06-28T16:52:21","date_gmt":"2025-06-28T14:52:21","guid":{"rendered":"https:\/\/uj.adatbank.ro\/lexikon\/termek\/binder-wilhelem\/"},"modified":"2025-06-28T16:52:21","modified_gmt":"2025-06-28T14:52:21","slug":"binder-wilhelem","status":"publish","type":"product","link":"https:\/\/uj.adatbank.ro\/lexikon\/termek\/binder-wilhelem\/","title":{"rendered":"BINDER Wilhelem"},"content":{"rendered":"<p>? \u2020\u00a0? : szen\u00e1tor. \u2013 Kisk\u00fck\u00fcll\u0151 vm. szen\u00e1tora a Rom. Parlamentben; a nemzeti liber\u00e1lisok sz\u00edneiben k\u00e9pviselte az eg\u00e9sz vm. jogait (\u2013 1933). <br \/><strong>Irod.:<\/strong> Pan\u0103<\/br><\/p>\n","protected":false},"excerpt":{"rendered":"<p>? \u2020\u00a0? : szen\u00e1tor. \u2013 Kisk\u00fck\u00fcll\u0151 vm. szen\u00e1tora a Rom. Parlamentben; a nemzeti liber\u00e1lisok sz\u00edneiben k\u00e9pviselte az eg\u00e9sz vm. jogait (\u2013 1933). Irod.: Pan\u0103<\/p>\n","protected":false},"featured_media":0,"comment_status":"open","ping_status":"closed","template":"","meta":[],"product_brand":[],"product_cat":[137],"product_tag":[],"class_list":{"0":"post-4758","1":"product","2":"type-product","3":"status-publish","5":"product_cat-maros-megyei-eletrajzi-lexikon","7":"first","8":"instock","9":"shipping-taxable","10":"product-type-simple"},"_links":{"self":[{"href":"https:\/\/uj.adatbank.ro\/lexikon\/wp-json\/wp\/v2\/product\/4758","targetHints":{"allow":["GET"]}}],"collection":[{"href":"https:\/\/uj.adatbank.ro\/lexikon\/wp-json\/wp\/v2\/product"}],"about":[{"href":"https:\/\/uj.adatbank.ro\/lexikon\/wp-json\/wp\/v2\/types\/product"}],"replies":[{"embeddable":true,"href":"https:\/\/uj.adatbank.ro\/lexikon\/wp-json\/wp\/v2\/comments?post=4758"}],"wp:attachment":[{"href":"https:\/\/uj.adatbank.ro\/lexikon\/wp-json\/wp\/v2\/media?parent=4758"}],"wp:term":[{"taxonomy":"product_brand","embeddable":true,"href":"https:\/\/uj.adatbank.ro\/lexikon\/wp-json\/wp\/v2\/product_brand?post=4758"},{"taxonomy":"product_cat","embeddable":true,"href":"https:\/\/uj.adatbank.ro\/lexikon\/wp-json\/wp\/v2\/product_cat?post=4758"},{"taxonomy":"product_tag","embeddable":true,"href":"https:\/\/uj.adatbank.ro\/lexikon\/wp-json\/wp\/v2\/product_tag?post=4758"}],"curies":[{"name":"wp","href":"https:\/\/api.w.org\/{rel}","templated":true}]}}