{"id":4761,"date":"2025-06-28T16:52:27","date_gmt":"2025-06-28T14:52:27","guid":{"rendered":"https:\/\/uj.adatbank.ro\/lexikon\/termek\/birek-anna-bihari-anna\/"},"modified":"2025-06-28T16:52:27","modified_gmt":"2025-06-28T14:52:27","slug":"birek-anna-bihari-anna","status":"publish","type":"product","link":"https:\/\/uj.adatbank.ro\/lexikon\/termek\/birek-anna-bihari-anna\/","title":{"rendered":"BIREK Anna, Bihari Anna"},"content":{"rendered":"<p>1922?, \u2020 Toronto, 2004. aug. 24.: zenetan\u00e1r. \u2013 Mv.-en a V\u00e1rosi Zeneiskol\u00e1ban (1948\u2013) tan\u00edtott. A mv.-i Filharm\u00f3nia els\u0151 heged\u0171se, hangversenymestere. <br \/><strong>Irod.:<\/strong> Filarmonica 50; Kir\u00e1ly Kinga J.; [Nekrol\u00f3g] (N\u00fa., 2004.)<\/br><\/p>\n","protected":false},"excerpt":{"rendered":"<p>1922?, \u2020 Toronto, 2004. aug. 24.: zenetan\u00e1r. \u2013 Mv.-en a V\u00e1rosi Zeneiskol\u00e1ban (1948\u2013) tan\u00edtott. A mv.-i Filharm\u00f3nia els\u0151 heged\u0171se, hangversenymestere. Irod.: Filarmonica 50; Kir\u00e1ly Kinga J.; [Nekrol\u00f3g] (N\u00fa., 2004.)<\/p>\n","protected":false},"featured_media":0,"comment_status":"open","ping_status":"closed","template":"","meta":[],"product_brand":[],"product_cat":[137],"product_tag":[],"class_list":{"0":"post-4761","1":"product","2":"type-product","3":"status-publish","5":"product_cat-maros-megyei-eletrajzi-lexikon","7":"first","8":"instock","9":"shipping-taxable","10":"product-type-simple"},"_links":{"self":[{"href":"https:\/\/uj.adatbank.ro\/lexikon\/wp-json\/wp\/v2\/product\/4761","targetHints":{"allow":["GET"]}}],"collection":[{"href":"https:\/\/uj.adatbank.ro\/lexikon\/wp-json\/wp\/v2\/product"}],"about":[{"href":"https:\/\/uj.adatbank.ro\/lexikon\/wp-json\/wp\/v2\/types\/product"}],"replies":[{"embeddable":true,"href":"https:\/\/uj.adatbank.ro\/lexikon\/wp-json\/wp\/v2\/comments?post=4761"}],"wp:attachment":[{"href":"https:\/\/uj.adatbank.ro\/lexikon\/wp-json\/wp\/v2\/media?parent=4761"}],"wp:term":[{"taxonomy":"product_brand","embeddable":true,"href":"https:\/\/uj.adatbank.ro\/lexikon\/wp-json\/wp\/v2\/product_brand?post=4761"},{"taxonomy":"product_cat","embeddable":true,"href":"https:\/\/uj.adatbank.ro\/lexikon\/wp-json\/wp\/v2\/product_cat?post=4761"},{"taxonomy":"product_tag","embeddable":true,"href":"https:\/\/uj.adatbank.ro\/lexikon\/wp-json\/wp\/v2\/product_tag?post=4761"}],"curies":[{"name":"wp","href":"https:\/\/api.w.org\/{rel}","templated":true}]}}