{"id":4763,"date":"2025-06-28T16:52:31","date_gmt":"2025-06-28T14:52:31","guid":{"rendered":"https:\/\/uj.adatbank.ro\/lexikon\/termek\/birinyi-laszlo-birini-laszlo-brini-laszlo\/"},"modified":"2025-06-28T16:52:31","modified_gmt":"2025-06-28T14:52:31","slug":"birinyi-laszlo-birini-laszlo-brini-laszlo","status":"publish","type":"product","link":"https:\/\/uj.adatbank.ro\/lexikon\/termek\/birinyi-laszlo-birini-laszlo-brini-laszlo\/","title":{"rendered":"BIRINYI L\u00e1szl\u00f3, Birini L\u00e1szl\u00f3, Brini L\u00e1szl\u00f3"},"content":{"rendered":"<p>? \u2020 ? : prefektus, kapit\u00e1ny. \u2013 Szamos\u00fajv\u00e1r v\u00e1r\u00e1nak prefektusa, a fejedelmi lovas test\u0151rs\u00e9g kapit\u00e1nya. A Kv.-on \u00edrt v\u00e9grendelet\u00e9ben (1590. m\u00e1j. 12.) unoka\u00f6ccseire Birinyi Gy\u00f6rgyre \u00e9s Tomboldi Mih\u00e1ly, Istv\u00e1n \u00e9s M\u00e1rtonra hagyta a Bergeny\u00e9ben, Malomfalv\u00e1n, Szolokm\u00e1n l\u00e9v\u0151 h\u00e1z\u00e1t \u00e9s egy\u00e9b birtokait. <br \/><strong>Irod.:<\/strong> Erd\u00e9lyi testamentumok 2.<\/br><\/p>\n","protected":false},"excerpt":{"rendered":"<p>? \u2020 ? : prefektus, kapit\u00e1ny. \u2013 Szamos\u00fajv\u00e1r v\u00e1r\u00e1nak prefektusa, a fejedelmi lovas test\u0151rs\u00e9g kapit\u00e1nya. A Kv.-on \u00edrt v\u00e9grendelet\u00e9ben (1590. m\u00e1j. 12.) unoka\u00f6ccseire Birinyi Gy\u00f6rgyre \u00e9s Tomboldi Mih\u00e1ly, Istv\u00e1n \u00e9s M\u00e1rtonra hagyta a Bergeny\u00e9ben, Malomfalv\u00e1n, Szolokm\u00e1n l\u00e9v\u0151 h\u00e1z\u00e1t \u00e9s egy\u00e9b birtokait. Irod.: Erd\u00e9lyi testamentumok 2.<\/p>\n","protected":false},"featured_media":0,"comment_status":"open","ping_status":"closed","template":"","meta":[],"product_brand":[],"product_cat":[137],"product_tag":[],"class_list":{"0":"post-4763","1":"product","2":"type-product","3":"status-publish","5":"product_cat-maros-megyei-eletrajzi-lexikon","7":"first","8":"instock","9":"shipping-taxable","10":"product-type-simple"},"_links":{"self":[{"href":"https:\/\/uj.adatbank.ro\/lexikon\/wp-json\/wp\/v2\/product\/4763","targetHints":{"allow":["GET"]}}],"collection":[{"href":"https:\/\/uj.adatbank.ro\/lexikon\/wp-json\/wp\/v2\/product"}],"about":[{"href":"https:\/\/uj.adatbank.ro\/lexikon\/wp-json\/wp\/v2\/types\/product"}],"replies":[{"embeddable":true,"href":"https:\/\/uj.adatbank.ro\/lexikon\/wp-json\/wp\/v2\/comments?post=4763"}],"wp:attachment":[{"href":"https:\/\/uj.adatbank.ro\/lexikon\/wp-json\/wp\/v2\/media?parent=4763"}],"wp:term":[{"taxonomy":"product_brand","embeddable":true,"href":"https:\/\/uj.adatbank.ro\/lexikon\/wp-json\/wp\/v2\/product_brand?post=4763"},{"taxonomy":"product_cat","embeddable":true,"href":"https:\/\/uj.adatbank.ro\/lexikon\/wp-json\/wp\/v2\/product_cat?post=4763"},{"taxonomy":"product_tag","embeddable":true,"href":"https:\/\/uj.adatbank.ro\/lexikon\/wp-json\/wp\/v2\/product_tag?post=4763"}],"curies":[{"name":"wp","href":"https:\/\/api.w.org\/{rel}","templated":true}]}}