{"id":4765,"date":"2025-06-28T16:52:34","date_gmt":"2025-06-28T14:52:34","guid":{"rendered":"https:\/\/uj.adatbank.ro\/lexikon\/termek\/biro-bela\/"},"modified":"2025-06-28T16:52:34","modified_gmt":"2025-06-28T14:52:34","slug":"biro-bela","status":"publish","type":"product","link":"https:\/\/uj.adatbank.ro\/lexikon\/termek\/biro-bela\/","title":{"rendered":"B\u00cdR\u00d3 B\u00e9la"},"content":{"rendered":"<p>Mv., 1920. m\u00e1j. 1., \u2020\u00a0Kos\u00f3w, 1944. j\u00fan. 25.: honv\u00e9d. \u2013 Anyja Kurtif\u00e1n R\u00f3za. \u2013 A 27\/III. z\u00e1szl\u00f3alj 7. l\u00f6v\u00e9szsz\u00e1zad honv\u00e9dje, aknatal\u00e1lat \u00e9rte Kos\u00f3wt\u00f3l nyugatra. A horodi haditemet\u0151ben nyugszik. <br \/><strong>Irod.:<\/strong> Berekm\u00e9ri 2015<\/br><\/p>\n","protected":false},"excerpt":{"rendered":"<p>Mv., 1920. m\u00e1j. 1., \u2020\u00a0Kos\u00f3w, 1944. j\u00fan. 25.: honv\u00e9d. \u2013 Anyja Kurtif\u00e1n R\u00f3za. \u2013 A 27\/III. z\u00e1szl\u00f3alj 7. l\u00f6v\u00e9szsz\u00e1zad honv\u00e9dje, aknatal\u00e1lat \u00e9rte Kos\u00f3wt\u00f3l nyugatra. A horodi haditemet\u0151ben nyugszik. Irod.: Berekm\u00e9ri 2015<\/p>\n","protected":false},"featured_media":0,"comment_status":"open","ping_status":"closed","template":"","meta":[],"product_brand":[],"product_cat":[137],"product_tag":[],"class_list":{"0":"post-4765","1":"product","2":"type-product","3":"status-publish","5":"product_cat-maros-megyei-eletrajzi-lexikon","7":"first","8":"instock","9":"shipping-taxable","10":"product-type-simple"},"_links":{"self":[{"href":"https:\/\/uj.adatbank.ro\/lexikon\/wp-json\/wp\/v2\/product\/4765","targetHints":{"allow":["GET"]}}],"collection":[{"href":"https:\/\/uj.adatbank.ro\/lexikon\/wp-json\/wp\/v2\/product"}],"about":[{"href":"https:\/\/uj.adatbank.ro\/lexikon\/wp-json\/wp\/v2\/types\/product"}],"replies":[{"embeddable":true,"href":"https:\/\/uj.adatbank.ro\/lexikon\/wp-json\/wp\/v2\/comments?post=4765"}],"wp:attachment":[{"href":"https:\/\/uj.adatbank.ro\/lexikon\/wp-json\/wp\/v2\/media?parent=4765"}],"wp:term":[{"taxonomy":"product_brand","embeddable":true,"href":"https:\/\/uj.adatbank.ro\/lexikon\/wp-json\/wp\/v2\/product_brand?post=4765"},{"taxonomy":"product_cat","embeddable":true,"href":"https:\/\/uj.adatbank.ro\/lexikon\/wp-json\/wp\/v2\/product_cat?post=4765"},{"taxonomy":"product_tag","embeddable":true,"href":"https:\/\/uj.adatbank.ro\/lexikon\/wp-json\/wp\/v2\/product_tag?post=4765"}],"curies":[{"name":"wp","href":"https:\/\/api.w.org\/{rel}","templated":true}]}}