{"id":4776,"date":"2025-06-28T16:52:56","date_gmt":"2025-06-28T14:52:56","guid":{"rendered":"https:\/\/uj.adatbank.ro\/lexikon\/termek\/biro-ferenc-zetelaki\/"},"modified":"2025-06-28T16:52:56","modified_gmt":"2025-06-28T14:52:56","slug":"biro-ferenc-zetelaki","status":"publish","type":"product","link":"https:\/\/uj.adatbank.ro\/lexikon\/termek\/biro-ferenc-zetelaki\/","title":{"rendered":"BIR\u00d3 Ferenc, zetelaki"},"content":{"rendered":"<p>1838.?, \u2020 Mv., 1906. nov. 20.: tan\u00e1r. \u2013 Testv\u00e9re: R\u00f3za Boros Andr\u00e1sn\u00e9. Feles\u00e9ge: Jakabffy Veronika. Fiaik: \u00c1rmin, Alad\u00e1r, \u00c1kos. \u2013 R. k. f\u0151gimn.-i tan\u00e1r Mv.-en. <br \/><strong>Irod.:<\/strong> Gy\u00e1szjelent\u0151.<\/br><\/p>\n","protected":false},"excerpt":{"rendered":"<p>1838.?, \u2020 Mv., 1906. nov. 20.: tan\u00e1r. \u2013 Testv\u00e9re: R\u00f3za Boros Andr\u00e1sn\u00e9. Feles\u00e9ge: Jakabffy Veronika. Fiaik: \u00c1rmin, Alad\u00e1r, \u00c1kos. \u2013 R. k. f\u0151gimn.-i tan\u00e1r Mv.-en. Irod.: Gy\u00e1szjelent\u0151.<\/p>\n","protected":false},"featured_media":0,"comment_status":"open","ping_status":"closed","template":"","meta":[],"product_brand":[],"product_cat":[137],"product_tag":[],"class_list":{"0":"post-4776","1":"product","2":"type-product","3":"status-publish","5":"product_cat-maros-megyei-eletrajzi-lexikon","7":"first","8":"instock","9":"shipping-taxable","10":"product-type-simple"},"_links":{"self":[{"href":"https:\/\/uj.adatbank.ro\/lexikon\/wp-json\/wp\/v2\/product\/4776","targetHints":{"allow":["GET"]}}],"collection":[{"href":"https:\/\/uj.adatbank.ro\/lexikon\/wp-json\/wp\/v2\/product"}],"about":[{"href":"https:\/\/uj.adatbank.ro\/lexikon\/wp-json\/wp\/v2\/types\/product"}],"replies":[{"embeddable":true,"href":"https:\/\/uj.adatbank.ro\/lexikon\/wp-json\/wp\/v2\/comments?post=4776"}],"wp:attachment":[{"href":"https:\/\/uj.adatbank.ro\/lexikon\/wp-json\/wp\/v2\/media?parent=4776"}],"wp:term":[{"taxonomy":"product_brand","embeddable":true,"href":"https:\/\/uj.adatbank.ro\/lexikon\/wp-json\/wp\/v2\/product_brand?post=4776"},{"taxonomy":"product_cat","embeddable":true,"href":"https:\/\/uj.adatbank.ro\/lexikon\/wp-json\/wp\/v2\/product_cat?post=4776"},{"taxonomy":"product_tag","embeddable":true,"href":"https:\/\/uj.adatbank.ro\/lexikon\/wp-json\/wp\/v2\/product_tag?post=4776"}],"curies":[{"name":"wp","href":"https:\/\/api.w.org\/{rel}","templated":true}]}}