{"id":4779,"date":"2025-06-28T16:53:04","date_gmt":"2025-06-28T14:53:04","guid":{"rendered":"https:\/\/uj.adatbank.ro\/lexikon\/termek\/biro-geza\/"},"modified":"2025-06-28T16:53:04","modified_gmt":"2025-06-28T14:53:04","slug":"biro-geza","status":"publish","type":"product","link":"https:\/\/uj.adatbank.ro\/lexikon\/termek\/biro-geza\/","title":{"rendered":"B\u00cdR\u00d3 G\u00e9za"},"content":{"rendered":"<p>Als\u00f3s\u00f3falva, 1859., \u2020\u00a0? : paptan\u00edt\u00f3. \u2013 Iskol\u00e1it Sz\u00e9kelyudvarhelyen \u00e9s Enyeden v\u00e9gezte. Ny\u00e1r\u00e1dsely\u00e9n lett pap (1886. j\u00fal. 25.), de felszentel\u00e9s\u00e9re csak k\u00e9s\u0151bb ker\u00fclt sor (1887. okt.). A selyei gy\u00fclekezetb\u0151l S\u00f3v\u00e1radra h\u00edvt\u00e1k meg lelk\u00e9sznek (1894. m\u00e1j. 25.). <br \/><strong>Irod.:<\/strong> Barab\u00e1s-P\u00e9ter M.-P\u00e9ter H. M. fy L\u00e1szl\u00f3: Ny\u00e1r\u00e1dselye \u00e9s egyh\u00e1zai (2000); Szov\u00e1ta<\/br><\/p>\n","protected":false},"excerpt":{"rendered":"<p>Als\u00f3s\u00f3falva, 1859., \u2020\u00a0? : paptan\u00edt\u00f3. \u2013 Iskol\u00e1it Sz\u00e9kelyudvarhelyen \u00e9s Enyeden v\u00e9gezte. Ny\u00e1r\u00e1dsely\u00e9n lett pap (1886. j\u00fal. 25.), de felszentel\u00e9s\u00e9re csak k\u00e9s\u0151bb ker\u00fclt sor (1887. okt.). A selyei gy\u00fclekezetb\u0151l S\u00f3v\u00e1radra h\u00edvt\u00e1k meg lelk\u00e9sznek (1894. m\u00e1j. 25.). Irod.: Barab\u00e1s-P\u00e9ter M.-P\u00e9ter H. M. fy L\u00e1szl\u00f3: Ny\u00e1r\u00e1dselye \u00e9s egyh\u00e1zai (2000); Szov\u00e1ta<\/p>\n","protected":false},"featured_media":0,"comment_status":"open","ping_status":"closed","template":"","meta":[],"product_brand":[],"product_cat":[137],"product_tag":[],"class_list":{"0":"post-4779","1":"product","2":"type-product","3":"status-publish","5":"product_cat-maros-megyei-eletrajzi-lexikon","7":"first","8":"instock","9":"shipping-taxable","10":"product-type-simple"},"_links":{"self":[{"href":"https:\/\/uj.adatbank.ro\/lexikon\/wp-json\/wp\/v2\/product\/4779","targetHints":{"allow":["GET"]}}],"collection":[{"href":"https:\/\/uj.adatbank.ro\/lexikon\/wp-json\/wp\/v2\/product"}],"about":[{"href":"https:\/\/uj.adatbank.ro\/lexikon\/wp-json\/wp\/v2\/types\/product"}],"replies":[{"embeddable":true,"href":"https:\/\/uj.adatbank.ro\/lexikon\/wp-json\/wp\/v2\/comments?post=4779"}],"wp:attachment":[{"href":"https:\/\/uj.adatbank.ro\/lexikon\/wp-json\/wp\/v2\/media?parent=4779"}],"wp:term":[{"taxonomy":"product_brand","embeddable":true,"href":"https:\/\/uj.adatbank.ro\/lexikon\/wp-json\/wp\/v2\/product_brand?post=4779"},{"taxonomy":"product_cat","embeddable":true,"href":"https:\/\/uj.adatbank.ro\/lexikon\/wp-json\/wp\/v2\/product_cat?post=4779"},{"taxonomy":"product_tag","embeddable":true,"href":"https:\/\/uj.adatbank.ro\/lexikon\/wp-json\/wp\/v2\/product_tag?post=4779"}],"curies":[{"name":"wp","href":"https:\/\/api.w.org\/{rel}","templated":true}]}}