{"id":4782,"date":"2025-06-28T16:53:08","date_gmt":"2025-06-28T14:53:08","guid":{"rendered":"https:\/\/uj.adatbank.ro\/lexikon\/termek\/biro-i-imre\/"},"modified":"2025-06-28T16:53:08","modified_gmt":"2025-06-28T14:53:08","slug":"biro-i-imre","status":"publish","type":"product","link":"https:\/\/uj.adatbank.ro\/lexikon\/termek\/biro-i-imre\/","title":{"rendered":"BIR\u00d3 I. Imre"},"content":{"rendered":"<p>V\u00f6r\u00f6storony (Szeben megye), 1958. \u00e1pr. 17., \u2020\u00a0Mv., 2023. nov. 5. sportol\u00f3 \u2013 Disznaj\u00f3n kezdett futballozni, ahol fiatalon a volt \u00e9desapja futballkapus volt, majd a Sz\u00e1szr\u00e9geni Av\u00e2ntuln\u00e1l j\u00e1tszott. Mv.-en az ASA-hoz ker\u00fclt (1978\u20131979) \u00e9s \u00f6t \u00e9v alatt 163 tal\u00e1lkoz\u00f3n 41 g\u00f3lt szerzett. A J\u00e1szv\u00e1s\u00e1ri Politenica egy\u00fcttes\u00e9ben j\u00e1tszott \u00e9s 49 tal\u00e1lkoz\u00f3n 10 g\u00f3lt szerzett. A Kolozsv\u00e1ri Universitatea Csapatn\u00e1l 141 m\u00e9rk\u0151z\u00e9sen 34-szer volt eredm\u00e9nyes. A R\u00e1ba ETO -n\u00e1l egy \u00e9vet j\u00e1tszott, a mv.-i Bir\u00f3 III. Bl\u00e1val \u00e9s Sz\u00e1nt\u00f3 Csab\u00e1val. Gy\u0151r, Sopronban j\u00e1tszott \u00e9s 40 \u00e9vesen befejezte a labdar\u00fag\u00e1st. <br \/><strong>Irod.:<\/strong> Czimbalmos Ferenc Attila: Elhunyt B\u00edr\u00f3 I Imre (N\u00fa., 2023. nov. 7.).<\/br><\/p>\n","protected":false},"excerpt":{"rendered":"<p>V\u00f6r\u00f6storony (Szeben megye), 1958. \u00e1pr. 17., \u2020\u00a0Mv., 2023. nov. 5. sportol\u00f3 \u2013 Disznaj\u00f3n kezdett futballozni, ahol fiatalon a volt \u00e9desapja futballkapus volt, majd a Sz\u00e1szr\u00e9geni Av\u00e2ntuln\u00e1l j\u00e1tszott. Mv.-en az ASA-hoz ker\u00fclt (1978\u20131979) \u00e9s \u00f6t \u00e9v alatt 163 tal\u00e1lkoz\u00f3n 41 g\u00f3lt szerzett. A J\u00e1szv\u00e1s\u00e1ri Politenica egy\u00fcttes\u00e9ben j\u00e1tszott \u00e9s 49 tal\u00e1lkoz\u00f3n 10 g\u00f3lt szerzett. A Kolozsv\u00e1ri Universitatea [&hellip;]<\/p>\n","protected":false},"featured_media":0,"comment_status":"open","ping_status":"closed","template":"","meta":[],"product_brand":[],"product_cat":[137],"product_tag":[],"class_list":{"0":"post-4782","1":"product","2":"type-product","3":"status-publish","5":"product_cat-maros-megyei-eletrajzi-lexikon","7":"first","8":"instock","9":"shipping-taxable","10":"product-type-simple"},"_links":{"self":[{"href":"https:\/\/uj.adatbank.ro\/lexikon\/wp-json\/wp\/v2\/product\/4782","targetHints":{"allow":["GET"]}}],"collection":[{"href":"https:\/\/uj.adatbank.ro\/lexikon\/wp-json\/wp\/v2\/product"}],"about":[{"href":"https:\/\/uj.adatbank.ro\/lexikon\/wp-json\/wp\/v2\/types\/product"}],"replies":[{"embeddable":true,"href":"https:\/\/uj.adatbank.ro\/lexikon\/wp-json\/wp\/v2\/comments?post=4782"}],"wp:attachment":[{"href":"https:\/\/uj.adatbank.ro\/lexikon\/wp-json\/wp\/v2\/media?parent=4782"}],"wp:term":[{"taxonomy":"product_brand","embeddable":true,"href":"https:\/\/uj.adatbank.ro\/lexikon\/wp-json\/wp\/v2\/product_brand?post=4782"},{"taxonomy":"product_cat","embeddable":true,"href":"https:\/\/uj.adatbank.ro\/lexikon\/wp-json\/wp\/v2\/product_cat?post=4782"},{"taxonomy":"product_tag","embeddable":true,"href":"https:\/\/uj.adatbank.ro\/lexikon\/wp-json\/wp\/v2\/product_tag?post=4782"}],"curies":[{"name":"wp","href":"https:\/\/api.w.org\/{rel}","templated":true}]}}