{"id":4783,"date":"2025-06-28T16:53:10","date_gmt":"2025-06-28T14:53:10","guid":{"rendered":"https:\/\/uj.adatbank.ro\/lexikon\/termek\/biro-ilona-bordi-ilona\/"},"modified":"2025-06-28T16:53:10","modified_gmt":"2025-06-28T14:53:10","slug":"biro-ilona-bordi-ilona","status":"publish","type":"product","link":"https:\/\/uj.adatbank.ro\/lexikon\/termek\/biro-ilona-bordi-ilona\/","title":{"rendered":"BIR\u00d3 Ilona, Bordi Ilona"},"content":{"rendered":"<p>? \u2020 ? : jelmeztervez\u0151. \u2013 A mv.-i Sz\u00e9kely Sz\u00ednh\u00e1zban dolgozott. \u2013 F. a.: Gribojedov: Az \u00e9sz bajjal j\u00e1r; Gogoly: A revizor; Gorbatov: Ap\u00e1k ifj\u00fas\u00e1ga; Csiky Gergely: Ingyen\u00e9l\u0151k; Huszka Jen\u0151: G\u00fcl Baba; Machiavelli: Mandragora; Abruzov: M\u00e1sodik szerelem; Br\u00f3dy S\u00e1ndor: A tan\u00edt\u00f3n\u0151; Heltai Jen\u0151: A n\u00e9ma levente; Szirmai Albert: M\u00e9zeskal\u00e1cs; B. Shaw: Warrenn\u00e9 mesters\u00e9ge; K\u00f3s K\u00e1roly: Budai Nagy Antal; Szab\u00f3 Lajos: Menek\u00fcl\u00e9s. <br \/><strong>Irod.:<\/strong> Horv\u00e1th Bea<\/br><\/p>\n","protected":false},"excerpt":{"rendered":"<p>? \u2020 ? : jelmeztervez\u0151. \u2013 A mv.-i Sz\u00e9kely Sz\u00ednh\u00e1zban dolgozott. \u2013 F. a.: Gribojedov: Az \u00e9sz bajjal j\u00e1r; Gogoly: A revizor; Gorbatov: Ap\u00e1k ifj\u00fas\u00e1ga; Csiky Gergely: Ingyen\u00e9l\u0151k; Huszka Jen\u0151: G\u00fcl Baba; Machiavelli: Mandragora; Abruzov: M\u00e1sodik szerelem; Br\u00f3dy S\u00e1ndor: A tan\u00edt\u00f3n\u0151; Heltai Jen\u0151: A n\u00e9ma levente; Szirmai Albert: M\u00e9zeskal\u00e1cs; B. Shaw: Warrenn\u00e9 mesters\u00e9ge; K\u00f3s K\u00e1roly: [&hellip;]<\/p>\n","protected":false},"featured_media":0,"comment_status":"open","ping_status":"closed","template":"","meta":[],"product_brand":[],"product_cat":[137],"product_tag":[],"class_list":{"0":"post-4783","1":"product","2":"type-product","3":"status-publish","5":"product_cat-maros-megyei-eletrajzi-lexikon","7":"first","8":"instock","9":"shipping-taxable","10":"product-type-simple"},"_links":{"self":[{"href":"https:\/\/uj.adatbank.ro\/lexikon\/wp-json\/wp\/v2\/product\/4783","targetHints":{"allow":["GET"]}}],"collection":[{"href":"https:\/\/uj.adatbank.ro\/lexikon\/wp-json\/wp\/v2\/product"}],"about":[{"href":"https:\/\/uj.adatbank.ro\/lexikon\/wp-json\/wp\/v2\/types\/product"}],"replies":[{"embeddable":true,"href":"https:\/\/uj.adatbank.ro\/lexikon\/wp-json\/wp\/v2\/comments?post=4783"}],"wp:attachment":[{"href":"https:\/\/uj.adatbank.ro\/lexikon\/wp-json\/wp\/v2\/media?parent=4783"}],"wp:term":[{"taxonomy":"product_brand","embeddable":true,"href":"https:\/\/uj.adatbank.ro\/lexikon\/wp-json\/wp\/v2\/product_brand?post=4783"},{"taxonomy":"product_cat","embeddable":true,"href":"https:\/\/uj.adatbank.ro\/lexikon\/wp-json\/wp\/v2\/product_cat?post=4783"},{"taxonomy":"product_tag","embeddable":true,"href":"https:\/\/uj.adatbank.ro\/lexikon\/wp-json\/wp\/v2\/product_tag?post=4783"}],"curies":[{"name":"wp","href":"https:\/\/api.w.org\/{rel}","templated":true}]}}