{"id":4786,"date":"2025-06-28T16:53:15","date_gmt":"2025-06-28T14:53:15","guid":{"rendered":"https:\/\/uj.adatbank.ro\/lexikon\/termek\/biro-izsak\/"},"modified":"2025-06-28T16:53:15","modified_gmt":"2025-06-28T14:53:15","slug":"biro-izsak","status":"publish","type":"product","link":"https:\/\/uj.adatbank.ro\/lexikon\/termek\/biro-izsak\/","title":{"rendered":"B\u00cdR\u00d3 Izs\u00e1k"},"content":{"rendered":"<p>1900., \u2020\u00a0? : unit. lelk\u00e9sz. \u2013 Feles\u00e9ge S\u00e1rosi Juli\u00e1nna, S\u00e1rosi J\u00f3zsef lelk\u00e9sz le\u00e1nya. \u2013 Tanulm\u00e1nyait Sz\u00e9kelykereszt\u00faron \u00e9s Kv.-on v\u00e9gezte. Bordoson kezdte papi m\u0171k\u00f6d\u00e9s\u00e9t, majd Szentgeric\u00e9n szolg\u00e1lt nyugd\u00edjaz\u00e1s\u00e1ig (1929\u20131970. dec. 31.). <br \/><strong>Irod.:<\/strong> Erd\u00e9lyi v\u00e1rmegy\u00e9k; Szentgerice<\/br><\/p>\n","protected":false},"excerpt":{"rendered":"<p>1900., \u2020\u00a0? : unit. lelk\u00e9sz. \u2013 Feles\u00e9ge S\u00e1rosi Juli\u00e1nna, S\u00e1rosi J\u00f3zsef lelk\u00e9sz le\u00e1nya. \u2013 Tanulm\u00e1nyait Sz\u00e9kelykereszt\u00faron \u00e9s Kv.-on v\u00e9gezte. Bordoson kezdte papi m\u0171k\u00f6d\u00e9s\u00e9t, majd Szentgeric\u00e9n szolg\u00e1lt nyugd\u00edjaz\u00e1s\u00e1ig (1929\u20131970. dec. 31.). Irod.: Erd\u00e9lyi v\u00e1rmegy\u00e9k; Szentgerice<\/p>\n","protected":false},"featured_media":0,"comment_status":"open","ping_status":"closed","template":"","meta":[],"product_brand":[],"product_cat":[137],"product_tag":[],"class_list":{"0":"post-4786","1":"product","2":"type-product","3":"status-publish","5":"product_cat-maros-megyei-eletrajzi-lexikon","7":"first","8":"instock","9":"shipping-taxable","10":"product-type-simple"},"_links":{"self":[{"href":"https:\/\/uj.adatbank.ro\/lexikon\/wp-json\/wp\/v2\/product\/4786","targetHints":{"allow":["GET"]}}],"collection":[{"href":"https:\/\/uj.adatbank.ro\/lexikon\/wp-json\/wp\/v2\/product"}],"about":[{"href":"https:\/\/uj.adatbank.ro\/lexikon\/wp-json\/wp\/v2\/types\/product"}],"replies":[{"embeddable":true,"href":"https:\/\/uj.adatbank.ro\/lexikon\/wp-json\/wp\/v2\/comments?post=4786"}],"wp:attachment":[{"href":"https:\/\/uj.adatbank.ro\/lexikon\/wp-json\/wp\/v2\/media?parent=4786"}],"wp:term":[{"taxonomy":"product_brand","embeddable":true,"href":"https:\/\/uj.adatbank.ro\/lexikon\/wp-json\/wp\/v2\/product_brand?post=4786"},{"taxonomy":"product_cat","embeddable":true,"href":"https:\/\/uj.adatbank.ro\/lexikon\/wp-json\/wp\/v2\/product_cat?post=4786"},{"taxonomy":"product_tag","embeddable":true,"href":"https:\/\/uj.adatbank.ro\/lexikon\/wp-json\/wp\/v2\/product_tag?post=4786"}],"curies":[{"name":"wp","href":"https:\/\/api.w.org\/{rel}","templated":true}]}}