{"id":4787,"date":"2025-06-28T16:53:16","date_gmt":"2025-06-28T14:53:16","guid":{"rendered":"https:\/\/uj.adatbank.ro\/lexikon\/termek\/biro-janos\/"},"modified":"2025-06-28T16:53:16","modified_gmt":"2025-06-28T14:53:16","slug":"biro-janos","status":"publish","type":"product","link":"https:\/\/uj.adatbank.ro\/lexikon\/termek\/biro-janos\/","title":{"rendered":"BIR\u00d3 J\u00e1nos"},"content":{"rendered":"<p>? \u2020 ? : tan\u00e1r. \u2013 A mv.-i Vegyes Kereskedelmi Szakiskola, eleinte m. tannyelv\u0171, majd csak rom\u00e1n tannyelv\u0171 iskola (1927\u2013), igazgat\u00f3ja (1949\u201352). A h\u00e1rom\u00e9ves isk. keresked\u0151ket, k\u00f6nyvel\u0151ket, \u00e1ruszak\u00e9rt\u0151ket, k\u00e9s\u0151bb pinc\u00e9reket, szak\u00e1csokat, cukr\u00e1szokat \u00e9s statisztikusokat k\u00e9pezett a megye, de nemcsak, r\u00e9sz\u00e9re. <br \/><strong>Irod.:<\/strong> \u00cenv. comercial econ.<\/br><\/p>\n","protected":false},"excerpt":{"rendered":"<p>? \u2020 ? : tan\u00e1r. \u2013 A mv.-i Vegyes Kereskedelmi Szakiskola, eleinte m. tannyelv\u0171, majd csak rom\u00e1n tannyelv\u0171 iskola (1927\u2013), igazgat\u00f3ja (1949\u201352). A h\u00e1rom\u00e9ves isk. keresked\u0151ket, k\u00f6nyvel\u0151ket, \u00e1ruszak\u00e9rt\u0151ket, k\u00e9s\u0151bb pinc\u00e9reket, szak\u00e1csokat, cukr\u00e1szokat \u00e9s statisztikusokat k\u00e9pezett a megye, de nemcsak, r\u00e9sz\u00e9re. Irod.: \u00cenv. comercial econ.<\/p>\n","protected":false},"featured_media":0,"comment_status":"open","ping_status":"closed","template":"","meta":[],"product_brand":[],"product_cat":[137],"product_tag":[],"class_list":{"0":"post-4787","1":"product","2":"type-product","3":"status-publish","5":"product_cat-maros-megyei-eletrajzi-lexikon","7":"first","8":"instock","9":"shipping-taxable","10":"product-type-simple"},"_links":{"self":[{"href":"https:\/\/uj.adatbank.ro\/lexikon\/wp-json\/wp\/v2\/product\/4787","targetHints":{"allow":["GET"]}}],"collection":[{"href":"https:\/\/uj.adatbank.ro\/lexikon\/wp-json\/wp\/v2\/product"}],"about":[{"href":"https:\/\/uj.adatbank.ro\/lexikon\/wp-json\/wp\/v2\/types\/product"}],"replies":[{"embeddable":true,"href":"https:\/\/uj.adatbank.ro\/lexikon\/wp-json\/wp\/v2\/comments?post=4787"}],"wp:attachment":[{"href":"https:\/\/uj.adatbank.ro\/lexikon\/wp-json\/wp\/v2\/media?parent=4787"}],"wp:term":[{"taxonomy":"product_brand","embeddable":true,"href":"https:\/\/uj.adatbank.ro\/lexikon\/wp-json\/wp\/v2\/product_brand?post=4787"},{"taxonomy":"product_cat","embeddable":true,"href":"https:\/\/uj.adatbank.ro\/lexikon\/wp-json\/wp\/v2\/product_cat?post=4787"},{"taxonomy":"product_tag","embeddable":true,"href":"https:\/\/uj.adatbank.ro\/lexikon\/wp-json\/wp\/v2\/product_tag?post=4787"}],"curies":[{"name":"wp","href":"https:\/\/api.w.org\/{rel}","templated":true}]}}