{"id":4788,"date":"2025-06-28T16:53:17","date_gmt":"2025-06-28T14:53:17","guid":{"rendered":"https:\/\/uj.adatbank.ro\/lexikon\/termek\/biro-janos-hillar-p\/"},"modified":"2025-06-28T16:53:17","modified_gmt":"2025-06-28T14:53:17","slug":"biro-janos-hillar-p","status":"publish","type":"product","link":"https:\/\/uj.adatbank.ro\/lexikon\/termek\/biro-janos-hillar-p\/","title":{"rendered":"B\u00cdR\u00d3 J\u00e1nos Hill\u00e1r, P."},"content":{"rendered":"<p>Gyergy\u00f3szentmikl\u00f3s, 1733., \u2020 Mv., 1805. febr. 15.: r. k. szerzetes. \u2013 Ferencrendi szerzetes, be\u00f6lt\u00f6z\u00f6tt (1753. szept. 5.), felszentelt\u00e9k (1759. \u00e1pr. 14.). <br \/><strong>Irod.:<\/strong> Gy\u00f6rgy: A ferencrendiek<\/br><\/p>\n","protected":false},"excerpt":{"rendered":"<p>Gyergy\u00f3szentmikl\u00f3s, 1733., \u2020 Mv., 1805. febr. 15.: r. k. szerzetes. \u2013 Ferencrendi szerzetes, be\u00f6lt\u00f6z\u00f6tt (1753. szept. 5.), felszentelt\u00e9k (1759. \u00e1pr. 14.). Irod.: Gy\u00f6rgy: A ferencrendiek<\/p>\n","protected":false},"featured_media":0,"comment_status":"open","ping_status":"closed","template":"","meta":[],"product_brand":[],"product_cat":[137],"product_tag":[],"class_list":{"0":"post-4788","1":"product","2":"type-product","3":"status-publish","5":"product_cat-maros-megyei-eletrajzi-lexikon","7":"first","8":"instock","9":"shipping-taxable","10":"product-type-simple"},"_links":{"self":[{"href":"https:\/\/uj.adatbank.ro\/lexikon\/wp-json\/wp\/v2\/product\/4788","targetHints":{"allow":["GET"]}}],"collection":[{"href":"https:\/\/uj.adatbank.ro\/lexikon\/wp-json\/wp\/v2\/product"}],"about":[{"href":"https:\/\/uj.adatbank.ro\/lexikon\/wp-json\/wp\/v2\/types\/product"}],"replies":[{"embeddable":true,"href":"https:\/\/uj.adatbank.ro\/lexikon\/wp-json\/wp\/v2\/comments?post=4788"}],"wp:attachment":[{"href":"https:\/\/uj.adatbank.ro\/lexikon\/wp-json\/wp\/v2\/media?parent=4788"}],"wp:term":[{"taxonomy":"product_brand","embeddable":true,"href":"https:\/\/uj.adatbank.ro\/lexikon\/wp-json\/wp\/v2\/product_brand?post=4788"},{"taxonomy":"product_cat","embeddable":true,"href":"https:\/\/uj.adatbank.ro\/lexikon\/wp-json\/wp\/v2\/product_cat?post=4788"},{"taxonomy":"product_tag","embeddable":true,"href":"https:\/\/uj.adatbank.ro\/lexikon\/wp-json\/wp\/v2\/product_tag?post=4788"}],"curies":[{"name":"wp","href":"https:\/\/api.w.org\/{rel}","templated":true}]}}