{"id":4789,"date":"2025-06-28T16:53:19","date_gmt":"2025-06-28T14:53:19","guid":{"rendered":"https:\/\/uj.adatbank.ro\/lexikon\/termek\/biro-janos-zabolai\/"},"modified":"2025-06-28T16:53:19","modified_gmt":"2025-06-28T14:53:19","slug":"biro-janos-zabolai","status":"publish","type":"product","link":"https:\/\/uj.adatbank.ro\/lexikon\/termek\/biro-janos-zabolai\/","title":{"rendered":"BIR\u00d3 J\u00e1nos, zabolai"},"content":{"rendered":"<p>? \u2020 B\u00f6z\u00f6d, ? : ref. pap. \u2013 Fia: S\u00e1muel. \u2013 B\u00f6z\u00f6di ref. pap 12 \u00e9vig (1790. k.). <br \/><strong>Irod.:<\/strong> Koncz 1905<\/br><\/p>\n","protected":false},"excerpt":{"rendered":"<p>? \u2020 B\u00f6z\u00f6d, ? : ref. pap. \u2013 Fia: S\u00e1muel. \u2013 B\u00f6z\u00f6di ref. pap 12 \u00e9vig (1790. k.). Irod.: Koncz 1905<\/p>\n","protected":false},"featured_media":0,"comment_status":"open","ping_status":"closed","template":"","meta":[],"product_brand":[],"product_cat":[137],"product_tag":[],"class_list":{"0":"post-4789","1":"product","2":"type-product","3":"status-publish","5":"product_cat-maros-megyei-eletrajzi-lexikon","7":"first","8":"instock","9":"shipping-taxable","10":"product-type-simple"},"_links":{"self":[{"href":"https:\/\/uj.adatbank.ro\/lexikon\/wp-json\/wp\/v2\/product\/4789","targetHints":{"allow":["GET"]}}],"collection":[{"href":"https:\/\/uj.adatbank.ro\/lexikon\/wp-json\/wp\/v2\/product"}],"about":[{"href":"https:\/\/uj.adatbank.ro\/lexikon\/wp-json\/wp\/v2\/types\/product"}],"replies":[{"embeddable":true,"href":"https:\/\/uj.adatbank.ro\/lexikon\/wp-json\/wp\/v2\/comments?post=4789"}],"wp:attachment":[{"href":"https:\/\/uj.adatbank.ro\/lexikon\/wp-json\/wp\/v2\/media?parent=4789"}],"wp:term":[{"taxonomy":"product_brand","embeddable":true,"href":"https:\/\/uj.adatbank.ro\/lexikon\/wp-json\/wp\/v2\/product_brand?post=4789"},{"taxonomy":"product_cat","embeddable":true,"href":"https:\/\/uj.adatbank.ro\/lexikon\/wp-json\/wp\/v2\/product_cat?post=4789"},{"taxonomy":"product_tag","embeddable":true,"href":"https:\/\/uj.adatbank.ro\/lexikon\/wp-json\/wp\/v2\/product_tag?post=4789"}],"curies":[{"name":"wp","href":"https:\/\/api.w.org\/{rel}","templated":true}]}}