{"id":4791,"date":"2025-06-28T16:53:22","date_gmt":"2025-06-28T14:53:22","guid":{"rendered":"https:\/\/uj.adatbank.ro\/lexikon\/termek\/biro-jozsef-2\/"},"modified":"2025-06-28T16:53:22","modified_gmt":"2025-06-28T14:53:22","slug":"biro-jozsef-2","status":"publish","type":"product","link":"https:\/\/uj.adatbank.ro\/lexikon\/termek\/biro-jozsef-2\/","title":{"rendered":"BIR\u00d3 J\u00f3zsef"},"content":{"rendered":"<p>? \u2020 Nagyercse, 1796. febr. 6.: tan\u00edt\u00f3. \u2013 Mv.-en subscrib\u00e1lt (1726). Nagyercs\u00e9ben tan\u00edt\u00f3, orgonista is (178\u201386), Kisilly\u00e9n l\u00e9vita (1789\u201393), \u00e9s Magyar\u00f3n volt mester \u00e9s orgonista is (1794\u201396. febr. 6.). <br \/><strong>Irod.:<\/strong> \u0150sz<\/br><\/p>\n","protected":false},"excerpt":{"rendered":"<p>? \u2020 Nagyercse, 1796. febr. 6.: tan\u00edt\u00f3. \u2013 Mv.-en subscrib\u00e1lt (1726). Nagyercs\u00e9ben tan\u00edt\u00f3, orgonista is (178\u201386), Kisilly\u00e9n l\u00e9vita (1789\u201393), \u00e9s Magyar\u00f3n volt mester \u00e9s orgonista is (1794\u201396. febr. 6.). Irod.: \u0150sz<\/p>\n","protected":false},"featured_media":0,"comment_status":"open","ping_status":"closed","template":"","meta":[],"product_brand":[],"product_cat":[137],"product_tag":[],"class_list":{"0":"post-4791","1":"product","2":"type-product","3":"status-publish","5":"product_cat-maros-megyei-eletrajzi-lexikon","7":"first","8":"instock","9":"shipping-taxable","10":"product-type-simple"},"_links":{"self":[{"href":"https:\/\/uj.adatbank.ro\/lexikon\/wp-json\/wp\/v2\/product\/4791","targetHints":{"allow":["GET"]}}],"collection":[{"href":"https:\/\/uj.adatbank.ro\/lexikon\/wp-json\/wp\/v2\/product"}],"about":[{"href":"https:\/\/uj.adatbank.ro\/lexikon\/wp-json\/wp\/v2\/types\/product"}],"replies":[{"embeddable":true,"href":"https:\/\/uj.adatbank.ro\/lexikon\/wp-json\/wp\/v2\/comments?post=4791"}],"wp:attachment":[{"href":"https:\/\/uj.adatbank.ro\/lexikon\/wp-json\/wp\/v2\/media?parent=4791"}],"wp:term":[{"taxonomy":"product_brand","embeddable":true,"href":"https:\/\/uj.adatbank.ro\/lexikon\/wp-json\/wp\/v2\/product_brand?post=4791"},{"taxonomy":"product_cat","embeddable":true,"href":"https:\/\/uj.adatbank.ro\/lexikon\/wp-json\/wp\/v2\/product_cat?post=4791"},{"taxonomy":"product_tag","embeddable":true,"href":"https:\/\/uj.adatbank.ro\/lexikon\/wp-json\/wp\/v2\/product_tag?post=4791"}],"curies":[{"name":"wp","href":"https:\/\/api.w.org\/{rel}","templated":true}]}}