{"id":4794,"date":"2025-06-28T16:53:28","date_gmt":"2025-06-28T14:53:28","guid":{"rendered":"https:\/\/uj.adatbank.ro\/lexikon\/termek\/biro-jozsef-5\/"},"modified":"2025-06-28T16:53:28","modified_gmt":"2025-06-28T14:53:28","slug":"biro-jozsef-5","status":"publish","type":"product","link":"https:\/\/uj.adatbank.ro\/lexikon\/termek\/biro-jozsef-5\/","title":{"rendered":"BIR\u00d3 J\u00f3zsef"},"content":{"rendered":"<p>Magyarp\u00e9terlaka, 1850, \u2020 ? : k\u00e1ntortan\u00edt\u00f3. \u2013 Nagyenyeden szerzett tan\u00edt\u00f3i oklevelet (1882). Abaf\u00e1j\u00e1n tan\u00edtott a ref. iskol\u00e1ban (1872\u20131903). Megjav\u00edttatta az iskol\u00e1t. <br \/><strong>Irod.:<\/strong> Abaf\u00e1ja; B\u00f6jthe Andor<\/br><\/p>\n","protected":false},"excerpt":{"rendered":"<p>Magyarp\u00e9terlaka, 1850, \u2020 ? : k\u00e1ntortan\u00edt\u00f3. \u2013 Nagyenyeden szerzett tan\u00edt\u00f3i oklevelet (1882). Abaf\u00e1j\u00e1n tan\u00edtott a ref. iskol\u00e1ban (1872\u20131903). Megjav\u00edttatta az iskol\u00e1t. Irod.: Abaf\u00e1ja; B\u00f6jthe Andor<\/p>\n","protected":false},"featured_media":0,"comment_status":"open","ping_status":"closed","template":"","meta":[],"product_brand":[],"product_cat":[137],"product_tag":[],"class_list":{"0":"post-4794","1":"product","2":"type-product","3":"status-publish","5":"product_cat-maros-megyei-eletrajzi-lexikon","7":"first","8":"instock","9":"shipping-taxable","10":"product-type-simple"},"_links":{"self":[{"href":"https:\/\/uj.adatbank.ro\/lexikon\/wp-json\/wp\/v2\/product\/4794","targetHints":{"allow":["GET"]}}],"collection":[{"href":"https:\/\/uj.adatbank.ro\/lexikon\/wp-json\/wp\/v2\/product"}],"about":[{"href":"https:\/\/uj.adatbank.ro\/lexikon\/wp-json\/wp\/v2\/types\/product"}],"replies":[{"embeddable":true,"href":"https:\/\/uj.adatbank.ro\/lexikon\/wp-json\/wp\/v2\/comments?post=4794"}],"wp:attachment":[{"href":"https:\/\/uj.adatbank.ro\/lexikon\/wp-json\/wp\/v2\/media?parent=4794"}],"wp:term":[{"taxonomy":"product_brand","embeddable":true,"href":"https:\/\/uj.adatbank.ro\/lexikon\/wp-json\/wp\/v2\/product_brand?post=4794"},{"taxonomy":"product_cat","embeddable":true,"href":"https:\/\/uj.adatbank.ro\/lexikon\/wp-json\/wp\/v2\/product_cat?post=4794"},{"taxonomy":"product_tag","embeddable":true,"href":"https:\/\/uj.adatbank.ro\/lexikon\/wp-json\/wp\/v2\/product_tag?post=4794"}],"curies":[{"name":"wp","href":"https:\/\/api.w.org\/{rel}","templated":true}]}}