{"id":4796,"date":"2025-06-28T16:53:30","date_gmt":"2025-06-28T14:53:30","guid":{"rendered":"https:\/\/uj.adatbank.ro\/lexikon\/termek\/biro-jozsef-7\/"},"modified":"2025-06-28T16:53:30","modified_gmt":"2025-06-28T14:53:30","slug":"biro-jozsef-7","status":"publish","type":"product","link":"https:\/\/uj.adatbank.ro\/lexikon\/termek\/biro-jozsef-7\/","title":{"rendered":"BIR\u00d3 J\u00f3zsef"},"content":{"rendered":"<p>1915., \u2020 Mv., 1995. szept. 10.: orvos. \u2013 Inframikrobiol\u00f3gus, bakteriol\u00f3gus a MOGYI Mikrobiol\u00f3giai katedr\u00e1j\u00e1n, illetev a MOGYE-n (1945\u201395); szakorvos a mv.-i 2. sz. Poliklinik\u00e1n. \u2013 <strong>F. m.:<\/strong> <strong>t\u00e1rssz.:<\/strong> Inframicrobiol\u00f3gia jegyzet (Mv., 1952); Mikr\u00f3biol\u00f3gia (Mv., 1954). <br \/><strong>Irod.:<\/strong> Genersich; Barab\u00e1s-P\u00e9ter M.-P\u00e9ter H. M.; Kiss\u2013P\u00e9terffy\u2013P\u00e9terffy; Todea\u2013F\u00fcl\u00f6p\u2013Avram<\/br><\/p>\n","protected":false},"excerpt":{"rendered":"<p>1915., \u2020 Mv., 1995. szept. 10.: orvos. \u2013 Inframikrobiol\u00f3gus, bakteriol\u00f3gus a MOGYI Mikrobiol\u00f3giai katedr\u00e1j\u00e1n, illetev a MOGYE-n (1945\u201395); szakorvos a mv.-i 2. sz. Poliklinik\u00e1n. \u2013 F. m.: t\u00e1rssz.: Inframicrobiol\u00f3gia jegyzet (Mv., 1952); Mikr\u00f3biol\u00f3gia (Mv., 1954). Irod.: Genersich; Barab\u00e1s-P\u00e9ter M.-P\u00e9ter H. M.; Kiss\u2013P\u00e9terffy\u2013P\u00e9terffy; Todea\u2013F\u00fcl\u00f6p\u2013Avram<\/p>\n","protected":false},"featured_media":0,"comment_status":"open","ping_status":"closed","template":"","meta":[],"product_brand":[],"product_cat":[137],"product_tag":[],"class_list":{"0":"post-4796","1":"product","2":"type-product","3":"status-publish","5":"product_cat-maros-megyei-eletrajzi-lexikon","7":"first","8":"instock","9":"shipping-taxable","10":"product-type-simple"},"_links":{"self":[{"href":"https:\/\/uj.adatbank.ro\/lexikon\/wp-json\/wp\/v2\/product\/4796","targetHints":{"allow":["GET"]}}],"collection":[{"href":"https:\/\/uj.adatbank.ro\/lexikon\/wp-json\/wp\/v2\/product"}],"about":[{"href":"https:\/\/uj.adatbank.ro\/lexikon\/wp-json\/wp\/v2\/types\/product"}],"replies":[{"embeddable":true,"href":"https:\/\/uj.adatbank.ro\/lexikon\/wp-json\/wp\/v2\/comments?post=4796"}],"wp:attachment":[{"href":"https:\/\/uj.adatbank.ro\/lexikon\/wp-json\/wp\/v2\/media?parent=4796"}],"wp:term":[{"taxonomy":"product_brand","embeddable":true,"href":"https:\/\/uj.adatbank.ro\/lexikon\/wp-json\/wp\/v2\/product_brand?post=4796"},{"taxonomy":"product_cat","embeddable":true,"href":"https:\/\/uj.adatbank.ro\/lexikon\/wp-json\/wp\/v2\/product_cat?post=4796"},{"taxonomy":"product_tag","embeddable":true,"href":"https:\/\/uj.adatbank.ro\/lexikon\/wp-json\/wp\/v2\/product_tag?post=4796"}],"curies":[{"name":"wp","href":"https:\/\/api.w.org\/{rel}","templated":true}]}}