{"id":4797,"date":"2025-06-28T16:53:32","date_gmt":"2025-06-28T14:53:32","guid":{"rendered":"https:\/\/uj.adatbank.ro\/lexikon\/termek\/biro-jozsef-8\/"},"modified":"2025-06-28T16:53:32","modified_gmt":"2025-06-28T14:53:32","slug":"biro-jozsef-8","status":"publish","type":"product","link":"https:\/\/uj.adatbank.ro\/lexikon\/termek\/biro-jozsef-8\/","title":{"rendered":"BIR\u00d3 J\u00f3zsef"},"content":{"rendered":"<p>? \u2020 Mv, 1998. m\u00e1rc. 15.: vegy\u00e9szm\u00e9rn\u00f6k, vitorl\u00e1z\u00f3-rep\u00fcl\u0151 \u00e9s rep\u00fcl\u0151oktat\u00f3. <br \/><strong>Irod.:<\/strong> [Nekrol\u00f3g] (N\u00fa., 1998. m\u00e1rc. 17.)<\/br><\/p>\n","protected":false},"excerpt":{"rendered":"<p>? \u2020 Mv, 1998. m\u00e1rc. 15.: vegy\u00e9szm\u00e9rn\u00f6k, vitorl\u00e1z\u00f3-rep\u00fcl\u0151 \u00e9s rep\u00fcl\u0151oktat\u00f3. Irod.: [Nekrol\u00f3g] (N\u00fa., 1998. m\u00e1rc. 17.)<\/p>\n","protected":false},"featured_media":0,"comment_status":"open","ping_status":"closed","template":"","meta":[],"product_brand":[],"product_cat":[137],"product_tag":[],"class_list":{"0":"post-4797","1":"product","2":"type-product","3":"status-publish","5":"product_cat-maros-megyei-eletrajzi-lexikon","7":"first","8":"instock","9":"shipping-taxable","10":"product-type-simple"},"_links":{"self":[{"href":"https:\/\/uj.adatbank.ro\/lexikon\/wp-json\/wp\/v2\/product\/4797","targetHints":{"allow":["GET"]}}],"collection":[{"href":"https:\/\/uj.adatbank.ro\/lexikon\/wp-json\/wp\/v2\/product"}],"about":[{"href":"https:\/\/uj.adatbank.ro\/lexikon\/wp-json\/wp\/v2\/types\/product"}],"replies":[{"embeddable":true,"href":"https:\/\/uj.adatbank.ro\/lexikon\/wp-json\/wp\/v2\/comments?post=4797"}],"wp:attachment":[{"href":"https:\/\/uj.adatbank.ro\/lexikon\/wp-json\/wp\/v2\/media?parent=4797"}],"wp:term":[{"taxonomy":"product_brand","embeddable":true,"href":"https:\/\/uj.adatbank.ro\/lexikon\/wp-json\/wp\/v2\/product_brand?post=4797"},{"taxonomy":"product_cat","embeddable":true,"href":"https:\/\/uj.adatbank.ro\/lexikon\/wp-json\/wp\/v2\/product_cat?post=4797"},{"taxonomy":"product_tag","embeddable":true,"href":"https:\/\/uj.adatbank.ro\/lexikon\/wp-json\/wp\/v2\/product_tag?post=4797"}],"curies":[{"name":"wp","href":"https:\/\/api.w.org\/{rel}","templated":true}]}}