{"id":4799,"date":"2025-06-28T16:53:36","date_gmt":"2025-06-28T14:53:36","guid":{"rendered":"https:\/\/uj.adatbank.ro\/lexikon\/termek\/biro-jozsef-kezdipolyani\/"},"modified":"2025-06-28T16:53:36","modified_gmt":"2025-06-28T14:53:36","slug":"biro-jozsef-kezdipolyani","status":"publish","type":"product","link":"https:\/\/uj.adatbank.ro\/lexikon\/termek\/biro-jozsef-kezdipolyani\/","title":{"rendered":"BIR\u00d3 J\u00f3zsef, k\u00e9zdipoly\u00e1ni"},"content":{"rendered":"<p>Kispetri, 1825., \u2020 Kv., 1902. dec. 1. A H\u00e1zsong\u00e1rdi temet\u0151ben volt a s\u00edrhelye: f\u0151hadnagy. \u2013 Az 1848\/49-es honv\u00e9d f\u0151hadnagy, \u00fcgyv\u00e9d Mv.-en. <br \/><strong>Irod.:<\/strong> Bona; H\u00e1zsong\u00e1rd<\/br><\/p>\n","protected":false},"excerpt":{"rendered":"<p>Kispetri, 1825., \u2020 Kv., 1902. dec. 1. A H\u00e1zsong\u00e1rdi temet\u0151ben volt a s\u00edrhelye: f\u0151hadnagy. \u2013 Az 1848\/49-es honv\u00e9d f\u0151hadnagy, \u00fcgyv\u00e9d Mv.-en. Irod.: Bona; H\u00e1zsong\u00e1rd<\/p>\n","protected":false},"featured_media":0,"comment_status":"open","ping_status":"closed","template":"","meta":[],"product_brand":[],"product_cat":[137],"product_tag":[],"class_list":{"0":"post-4799","1":"product","2":"type-product","3":"status-publish","5":"product_cat-maros-megyei-eletrajzi-lexikon","7":"first","8":"instock","9":"shipping-taxable","10":"product-type-simple"},"_links":{"self":[{"href":"https:\/\/uj.adatbank.ro\/lexikon\/wp-json\/wp\/v2\/product\/4799","targetHints":{"allow":["GET"]}}],"collection":[{"href":"https:\/\/uj.adatbank.ro\/lexikon\/wp-json\/wp\/v2\/product"}],"about":[{"href":"https:\/\/uj.adatbank.ro\/lexikon\/wp-json\/wp\/v2\/types\/product"}],"replies":[{"embeddable":true,"href":"https:\/\/uj.adatbank.ro\/lexikon\/wp-json\/wp\/v2\/comments?post=4799"}],"wp:attachment":[{"href":"https:\/\/uj.adatbank.ro\/lexikon\/wp-json\/wp\/v2\/media?parent=4799"}],"wp:term":[{"taxonomy":"product_brand","embeddable":true,"href":"https:\/\/uj.adatbank.ro\/lexikon\/wp-json\/wp\/v2\/product_brand?post=4799"},{"taxonomy":"product_cat","embeddable":true,"href":"https:\/\/uj.adatbank.ro\/lexikon\/wp-json\/wp\/v2\/product_cat?post=4799"},{"taxonomy":"product_tag","embeddable":true,"href":"https:\/\/uj.adatbank.ro\/lexikon\/wp-json\/wp\/v2\/product_tag?post=4799"}],"curies":[{"name":"wp","href":"https:\/\/api.w.org\/{rel}","templated":true}]}}