{"id":4801,"date":"2025-06-28T16:53:40","date_gmt":"2025-06-28T14:53:40","guid":{"rendered":"https:\/\/uj.adatbank.ro\/lexikon\/termek\/biro-kalman\/"},"modified":"2025-06-28T16:53:40","modified_gmt":"2025-06-28T14:53:40","slug":"biro-kalman","status":"publish","type":"product","link":"https:\/\/uj.adatbank.ro\/lexikon\/termek\/biro-kalman\/","title":{"rendered":"BIR\u00d3 K\u00e1lm\u00e1n"},"content":{"rendered":"<p>?, \u2020 ? : \u00fcgy\u00e9sz. \u2013 B. Antal \u00e9s Orsai Katalin fia. Feles\u00e9ge: kelemenfalvi Ternovszky Aranka (1877.- Mv., 1921. aug. 4.). Gyermekeik: B. K\u00e1lm\u00e1n, B. Margit. \u2013 Bp.-i kir. f\u0151\u00fcgy\u00e9sz helyettes. <br \/><strong>Irod.:<\/strong> Gy\u00e1szjelent\u0151<\/br><\/p>\n","protected":false},"excerpt":{"rendered":"<p>?, \u2020 ? : \u00fcgy\u00e9sz. \u2013 B. Antal \u00e9s Orsai Katalin fia. Feles\u00e9ge: kelemenfalvi Ternovszky Aranka (1877.- Mv., 1921. aug. 4.). Gyermekeik: B. K\u00e1lm\u00e1n, B. Margit. \u2013 Bp.-i kir. f\u0151\u00fcgy\u00e9sz helyettes. Irod.: Gy\u00e1szjelent\u0151<\/p>\n","protected":false},"featured_media":0,"comment_status":"open","ping_status":"closed","template":"","meta":[],"product_brand":[],"product_cat":[137],"product_tag":[],"class_list":{"0":"post-4801","1":"product","2":"type-product","3":"status-publish","5":"product_cat-maros-megyei-eletrajzi-lexikon","7":"first","8":"instock","9":"shipping-taxable","10":"product-type-simple"},"_links":{"self":[{"href":"https:\/\/uj.adatbank.ro\/lexikon\/wp-json\/wp\/v2\/product\/4801","targetHints":{"allow":["GET"]}}],"collection":[{"href":"https:\/\/uj.adatbank.ro\/lexikon\/wp-json\/wp\/v2\/product"}],"about":[{"href":"https:\/\/uj.adatbank.ro\/lexikon\/wp-json\/wp\/v2\/types\/product"}],"replies":[{"embeddable":true,"href":"https:\/\/uj.adatbank.ro\/lexikon\/wp-json\/wp\/v2\/comments?post=4801"}],"wp:attachment":[{"href":"https:\/\/uj.adatbank.ro\/lexikon\/wp-json\/wp\/v2\/media?parent=4801"}],"wp:term":[{"taxonomy":"product_brand","embeddable":true,"href":"https:\/\/uj.adatbank.ro\/lexikon\/wp-json\/wp\/v2\/product_brand?post=4801"},{"taxonomy":"product_cat","embeddable":true,"href":"https:\/\/uj.adatbank.ro\/lexikon\/wp-json\/wp\/v2\/product_cat?post=4801"},{"taxonomy":"product_tag","embeddable":true,"href":"https:\/\/uj.adatbank.ro\/lexikon\/wp-json\/wp\/v2\/product_tag?post=4801"}],"curies":[{"name":"wp","href":"https:\/\/api.w.org\/{rel}","templated":true}]}}