{"id":4802,"date":"2025-06-28T16:53:41","date_gmt":"2025-06-28T14:53:41","guid":{"rendered":"https:\/\/uj.adatbank.ro\/lexikon\/termek\/biro-karoly-biro-karoly\/"},"modified":"2025-06-28T16:53:41","modified_gmt":"2025-06-28T14:53:41","slug":"biro-karoly-biro-karoly","status":"publish","type":"product","link":"https:\/\/uj.adatbank.ro\/lexikon\/termek\/biro-karoly-biro-karoly\/","title":{"rendered":"BIR\u00d3 K\u00e1roly, B\u00edr\u00f3 K\u00e1roly"},"content":{"rendered":"<p>? \u2020 ? : tan\u00edt\u00f3. \u2013 Marosszentgy\u00f6rgy\u00f6n oktatott a ref. iskol\u00e1ban, 142 tanul\u00f3 volt: 95 ref., 20 ort., 27 tanul\u00f3 g. kat. vall\u00e1s\u00fa (1940. okt. 26.- 1941. \u00e1pr. 5.). Vezette a ref. egyh\u00e1z n\u00e9gysz\u00f3lam\u00fa vegyes k\u00f3rus\u00e1t is. <br \/><strong>Irod.:<\/strong> S\u00e2ngeorgiu de Mure\u015f: 1940\u20131944.; S\u00e2ngeorgiu de Mure\u015f \u2013 \u015ecoala<\/br><\/p>\n","protected":false},"excerpt":{"rendered":"<p>? \u2020 ? : tan\u00edt\u00f3. \u2013 Marosszentgy\u00f6rgy\u00f6n oktatott a ref. iskol\u00e1ban, 142 tanul\u00f3 volt: 95 ref., 20 ort., 27 tanul\u00f3 g. kat. vall\u00e1s\u00fa (1940. okt. 26.- 1941. \u00e1pr. 5.). Vezette a ref. egyh\u00e1z n\u00e9gysz\u00f3lam\u00fa vegyes k\u00f3rus\u00e1t is. Irod.: S\u00e2ngeorgiu de Mure\u015f: 1940\u20131944.; S\u00e2ngeorgiu de Mure\u015f \u2013 \u015ecoala<\/p>\n","protected":false},"featured_media":0,"comment_status":"open","ping_status":"closed","template":"","meta":[],"product_brand":[],"product_cat":[137],"product_tag":[],"class_list":{"0":"post-4802","1":"product","2":"type-product","3":"status-publish","5":"product_cat-maros-megyei-eletrajzi-lexikon","7":"first","8":"instock","9":"shipping-taxable","10":"product-type-simple"},"_links":{"self":[{"href":"https:\/\/uj.adatbank.ro\/lexikon\/wp-json\/wp\/v2\/product\/4802","targetHints":{"allow":["GET"]}}],"collection":[{"href":"https:\/\/uj.adatbank.ro\/lexikon\/wp-json\/wp\/v2\/product"}],"about":[{"href":"https:\/\/uj.adatbank.ro\/lexikon\/wp-json\/wp\/v2\/types\/product"}],"replies":[{"embeddable":true,"href":"https:\/\/uj.adatbank.ro\/lexikon\/wp-json\/wp\/v2\/comments?post=4802"}],"wp:attachment":[{"href":"https:\/\/uj.adatbank.ro\/lexikon\/wp-json\/wp\/v2\/media?parent=4802"}],"wp:term":[{"taxonomy":"product_brand","embeddable":true,"href":"https:\/\/uj.adatbank.ro\/lexikon\/wp-json\/wp\/v2\/product_brand?post=4802"},{"taxonomy":"product_cat","embeddable":true,"href":"https:\/\/uj.adatbank.ro\/lexikon\/wp-json\/wp\/v2\/product_cat?post=4802"},{"taxonomy":"product_tag","embeddable":true,"href":"https:\/\/uj.adatbank.ro\/lexikon\/wp-json\/wp\/v2\/product_tag?post=4802"}],"curies":[{"name":"wp","href":"https:\/\/api.w.org\/{rel}","templated":true}]}}