{"id":4805,"date":"2025-06-28T16:53:48","date_gmt":"2025-06-28T14:53:48","guid":{"rendered":"https:\/\/uj.adatbank.ro\/lexikon\/termek\/biro-laszlo-2\/"},"modified":"2025-06-28T16:53:48","modified_gmt":"2025-06-28T14:53:48","slug":"biro-laszlo-2","status":"publish","type":"product","link":"https:\/\/uj.adatbank.ro\/lexikon\/termek\/biro-laszlo-2\/","title":{"rendered":"B\u00cdR\u00d3 L\u00e1szl\u00f3"},"content":{"rendered":"<p>? \u2020 ?: r. k. pap. \u2013 Gyulafeh\u00e9rv\u00e1ron p\u00fcsp\u00f6ki k\u00e1pl\u00e1n \u00e9s ceremoni\u00e1rius (1801), pl\u00e9b\u00e1nos Sz\u00e1szr\u00e9genben (1803-06) \u00e9s Verespatakon (1806\u201310). <br \/><strong>Irod.:<\/strong> Ferenczi S\u00e1ndor 2009; Gy\u00f6rgy: A ferencrendiek<\/br><\/p>\n","protected":false},"excerpt":{"rendered":"<p>? \u2020 ?: r. k. pap. \u2013 Gyulafeh\u00e9rv\u00e1ron p\u00fcsp\u00f6ki k\u00e1pl\u00e1n \u00e9s ceremoni\u00e1rius (1801), pl\u00e9b\u00e1nos Sz\u00e1szr\u00e9genben (1803-06) \u00e9s Verespatakon (1806\u201310). Irod.: Ferenczi S\u00e1ndor 2009; Gy\u00f6rgy: A ferencrendiek<\/p>\n","protected":false},"featured_media":0,"comment_status":"open","ping_status":"closed","template":"","meta":[],"product_brand":[],"product_cat":[137],"product_tag":[],"class_list":{"0":"post-4805","1":"product","2":"type-product","3":"status-publish","5":"product_cat-maros-megyei-eletrajzi-lexikon","7":"first","8":"instock","9":"shipping-taxable","10":"product-type-simple"},"_links":{"self":[{"href":"https:\/\/uj.adatbank.ro\/lexikon\/wp-json\/wp\/v2\/product\/4805","targetHints":{"allow":["GET"]}}],"collection":[{"href":"https:\/\/uj.adatbank.ro\/lexikon\/wp-json\/wp\/v2\/product"}],"about":[{"href":"https:\/\/uj.adatbank.ro\/lexikon\/wp-json\/wp\/v2\/types\/product"}],"replies":[{"embeddable":true,"href":"https:\/\/uj.adatbank.ro\/lexikon\/wp-json\/wp\/v2\/comments?post=4805"}],"wp:attachment":[{"href":"https:\/\/uj.adatbank.ro\/lexikon\/wp-json\/wp\/v2\/media?parent=4805"}],"wp:term":[{"taxonomy":"product_brand","embeddable":true,"href":"https:\/\/uj.adatbank.ro\/lexikon\/wp-json\/wp\/v2\/product_brand?post=4805"},{"taxonomy":"product_cat","embeddable":true,"href":"https:\/\/uj.adatbank.ro\/lexikon\/wp-json\/wp\/v2\/product_cat?post=4805"},{"taxonomy":"product_tag","embeddable":true,"href":"https:\/\/uj.adatbank.ro\/lexikon\/wp-json\/wp\/v2\/product_tag?post=4805"}],"curies":[{"name":"wp","href":"https:\/\/api.w.org\/{rel}","templated":true}]}}