{"id":4808,"date":"2025-06-28T16:53:53","date_gmt":"2025-06-28T14:53:53","guid":{"rendered":"https:\/\/uj.adatbank.ro\/lexikon\/termek\/biro-marton-csikbanfalvi\/"},"modified":"2025-06-28T16:53:53","modified_gmt":"2025-06-28T14:53:53","slug":"biro-marton-csikbanfalvi","status":"publish","type":"product","link":"https:\/\/uj.adatbank.ro\/lexikon\/termek\/biro-marton-csikbanfalvi\/","title":{"rendered":"BIR\u00d3 M\u00e1rton, cs\u00edkb\u00e1nfalvi"},"content":{"rendered":"<p>Cs\u00edkszentgy\u00f6rgy, ? \u2020 1792. jan. 18.: r. k. pap. \u2013 Cs\u00edksomly\u00f3n (1759), Kv.-on (1764\u201365) \u00e9s Gyulafeh\u00e9rv\u00e1ron (1766\u201369) tanult. Papp\u00e1 szentelt\u00e9k Gyulafeh\u00e9rv\u00e1ron (1768. m\u00e1rc. 25.). Pl\u00e9b\u00e1nos Mez\u0151s\u00e1msondon (1773\u2013), majd alesperes (1782\u2013). Cimb\u00f3riumot adom\u00e1nyozott az egyh\u00e1zk\u00f6zs\u00e9gnek (1788). <br \/><strong>Irod.:<\/strong> Ferenczi S\u00e1ndor 2009; Millenniumi ki\u00e1ll.<\/br><\/p>\n","protected":false},"excerpt":{"rendered":"<p>Cs\u00edkszentgy\u00f6rgy, ? \u2020 1792. jan. 18.: r. k. pap. \u2013 Cs\u00edksomly\u00f3n (1759), Kv.-on (1764\u201365) \u00e9s Gyulafeh\u00e9rv\u00e1ron (1766\u201369) tanult. Papp\u00e1 szentelt\u00e9k Gyulafeh\u00e9rv\u00e1ron (1768. m\u00e1rc. 25.). Pl\u00e9b\u00e1nos Mez\u0151s\u00e1msondon (1773\u2013), majd alesperes (1782\u2013). Cimb\u00f3riumot adom\u00e1nyozott az egyh\u00e1zk\u00f6zs\u00e9gnek (1788). Irod.: Ferenczi S\u00e1ndor 2009; Millenniumi ki\u00e1ll.<\/p>\n","protected":false},"featured_media":0,"comment_status":"open","ping_status":"closed","template":"","meta":[],"product_brand":[],"product_cat":[137],"product_tag":[],"class_list":{"0":"post-4808","1":"product","2":"type-product","3":"status-publish","5":"product_cat-maros-megyei-eletrajzi-lexikon","7":"first","8":"instock","9":"shipping-taxable","10":"product-type-simple"},"_links":{"self":[{"href":"https:\/\/uj.adatbank.ro\/lexikon\/wp-json\/wp\/v2\/product\/4808","targetHints":{"allow":["GET"]}}],"collection":[{"href":"https:\/\/uj.adatbank.ro\/lexikon\/wp-json\/wp\/v2\/product"}],"about":[{"href":"https:\/\/uj.adatbank.ro\/lexikon\/wp-json\/wp\/v2\/types\/product"}],"replies":[{"embeddable":true,"href":"https:\/\/uj.adatbank.ro\/lexikon\/wp-json\/wp\/v2\/comments?post=4808"}],"wp:attachment":[{"href":"https:\/\/uj.adatbank.ro\/lexikon\/wp-json\/wp\/v2\/media?parent=4808"}],"wp:term":[{"taxonomy":"product_brand","embeddable":true,"href":"https:\/\/uj.adatbank.ro\/lexikon\/wp-json\/wp\/v2\/product_brand?post=4808"},{"taxonomy":"product_cat","embeddable":true,"href":"https:\/\/uj.adatbank.ro\/lexikon\/wp-json\/wp\/v2\/product_cat?post=4808"},{"taxonomy":"product_tag","embeddable":true,"href":"https:\/\/uj.adatbank.ro\/lexikon\/wp-json\/wp\/v2\/product_tag?post=4808"}],"curies":[{"name":"wp","href":"https:\/\/api.w.org\/{rel}","templated":true}]}}