{"id":4809,"date":"2025-06-28T16:53:54","date_gmt":"2025-06-28T14:53:54","guid":{"rendered":"https:\/\/uj.adatbank.ro\/lexikon\/termek\/biro-marton-gyergyoszentmiklosi\/"},"modified":"2025-06-28T16:53:54","modified_gmt":"2025-06-28T14:53:54","slug":"biro-marton-gyergyoszentmiklosi","status":"publish","type":"product","link":"https:\/\/uj.adatbank.ro\/lexikon\/termek\/biro-marton-gyergyoszentmiklosi\/","title":{"rendered":"BIR\u00d3 M\u00e1rton, gyergy\u00f3szentmikl\u00f3si"},"content":{"rendered":"<p>? \u2020 1787.: r. k. pap. \u2013 Tanult Kv.-on (1754\u201359) \u00e9s Gyulafeh\u00e9rv\u00e1ron (1760\u201363). Papp\u00e1 szentelt\u00e9k (1762. aug. 15.). K\u00e1pl\u00e1n Sz\u00e9kelyk\u00e1lon (1763\u2013), majd pl\u00e9b\u00e1nos \u00e9s ker\u00fcleti jegyz\u0151 (1766 v. 1773). Pl\u00e9b\u00e1nos Ny\u00e1r\u00e1dt\u0151n, alesperes (1782\u201387). <br \/><strong>Irod.:<\/strong> Ferenczi S\u00e1ndor 2009; P\u00e1l-Antal 2004; Sz\u00e9kelyk\u00e1l<\/br><\/p>\n","protected":false},"excerpt":{"rendered":"<p>? \u2020 1787.: r. k. pap. \u2013 Tanult Kv.-on (1754\u201359) \u00e9s Gyulafeh\u00e9rv\u00e1ron (1760\u201363). Papp\u00e1 szentelt\u00e9k (1762. aug. 15.). K\u00e1pl\u00e1n Sz\u00e9kelyk\u00e1lon (1763\u2013), majd pl\u00e9b\u00e1nos \u00e9s ker\u00fcleti jegyz\u0151 (1766 v. 1773). Pl\u00e9b\u00e1nos Ny\u00e1r\u00e1dt\u0151n, alesperes (1782\u201387). Irod.: Ferenczi S\u00e1ndor 2009; P\u00e1l-Antal 2004; Sz\u00e9kelyk\u00e1l<\/p>\n","protected":false},"featured_media":0,"comment_status":"open","ping_status":"closed","template":"","meta":[],"product_brand":[],"product_cat":[137],"product_tag":[],"class_list":{"0":"post-4809","1":"product","2":"type-product","3":"status-publish","5":"product_cat-maros-megyei-eletrajzi-lexikon","7":"first","8":"instock","9":"shipping-taxable","10":"product-type-simple"},"_links":{"self":[{"href":"https:\/\/uj.adatbank.ro\/lexikon\/wp-json\/wp\/v2\/product\/4809","targetHints":{"allow":["GET"]}}],"collection":[{"href":"https:\/\/uj.adatbank.ro\/lexikon\/wp-json\/wp\/v2\/product"}],"about":[{"href":"https:\/\/uj.adatbank.ro\/lexikon\/wp-json\/wp\/v2\/types\/product"}],"replies":[{"embeddable":true,"href":"https:\/\/uj.adatbank.ro\/lexikon\/wp-json\/wp\/v2\/comments?post=4809"}],"wp:attachment":[{"href":"https:\/\/uj.adatbank.ro\/lexikon\/wp-json\/wp\/v2\/media?parent=4809"}],"wp:term":[{"taxonomy":"product_brand","embeddable":true,"href":"https:\/\/uj.adatbank.ro\/lexikon\/wp-json\/wp\/v2\/product_brand?post=4809"},{"taxonomy":"product_cat","embeddable":true,"href":"https:\/\/uj.adatbank.ro\/lexikon\/wp-json\/wp\/v2\/product_cat?post=4809"},{"taxonomy":"product_tag","embeddable":true,"href":"https:\/\/uj.adatbank.ro\/lexikon\/wp-json\/wp\/v2\/product_tag?post=4809"}],"curies":[{"name":"wp","href":"https:\/\/api.w.org\/{rel}","templated":true}]}}