{"id":4813,"date":"2025-06-28T16:54:02","date_gmt":"2025-06-28T14:54:02","guid":{"rendered":"https:\/\/uj.adatbank.ro\/lexikon\/termek\/biro-pal\/"},"modified":"2025-06-28T16:54:02","modified_gmt":"2025-06-28T14:54:02","slug":"biro-pal","status":"publish","type":"product","link":"https:\/\/uj.adatbank.ro\/lexikon\/termek\/biro-pal\/","title":{"rendered":"BIR\u00d3 P\u00e1l"},"content":{"rendered":"<p>Esztelnek, ? \u2020 ?.: r. k. pap. \u2013 Kv.-on (1731\u201337) \u00e9s Nagyszombaton (1738\u201341) tanult. Pl\u00e9b\u00e1nos Abosfalv\u00e1n (1743\u201360), Gyergy\u00f3alfaluban, Zetelak\u00e1n (1766\u2013). <br \/><strong>Irod.:<\/strong> Ferenczi S\u00e1ndor 2009<\/br><\/p>\n","protected":false},"excerpt":{"rendered":"<p>Esztelnek, ? \u2020 ?.: r. k. pap. \u2013 Kv.-on (1731\u201337) \u00e9s Nagyszombaton (1738\u201341) tanult. Pl\u00e9b\u00e1nos Abosfalv\u00e1n (1743\u201360), Gyergy\u00f3alfaluban, Zetelak\u00e1n (1766\u2013). Irod.: Ferenczi S\u00e1ndor 2009<\/p>\n","protected":false},"featured_media":0,"comment_status":"open","ping_status":"closed","template":"","meta":[],"product_brand":[],"product_cat":[137],"product_tag":[],"class_list":{"0":"post-4813","1":"product","2":"type-product","3":"status-publish","5":"product_cat-maros-megyei-eletrajzi-lexikon","7":"first","8":"instock","9":"shipping-taxable","10":"product-type-simple"},"_links":{"self":[{"href":"https:\/\/uj.adatbank.ro\/lexikon\/wp-json\/wp\/v2\/product\/4813","targetHints":{"allow":["GET"]}}],"collection":[{"href":"https:\/\/uj.adatbank.ro\/lexikon\/wp-json\/wp\/v2\/product"}],"about":[{"href":"https:\/\/uj.adatbank.ro\/lexikon\/wp-json\/wp\/v2\/types\/product"}],"replies":[{"embeddable":true,"href":"https:\/\/uj.adatbank.ro\/lexikon\/wp-json\/wp\/v2\/comments?post=4813"}],"wp:attachment":[{"href":"https:\/\/uj.adatbank.ro\/lexikon\/wp-json\/wp\/v2\/media?parent=4813"}],"wp:term":[{"taxonomy":"product_brand","embeddable":true,"href":"https:\/\/uj.adatbank.ro\/lexikon\/wp-json\/wp\/v2\/product_brand?post=4813"},{"taxonomy":"product_cat","embeddable":true,"href":"https:\/\/uj.adatbank.ro\/lexikon\/wp-json\/wp\/v2\/product_cat?post=4813"},{"taxonomy":"product_tag","embeddable":true,"href":"https:\/\/uj.adatbank.ro\/lexikon\/wp-json\/wp\/v2\/product_tag?post=4813"}],"curies":[{"name":"wp","href":"https:\/\/api.w.org\/{rel}","templated":true}]}}