{"id":4817,"date":"2025-06-28T16:54:12","date_gmt":"2025-06-28T14:54:12","guid":{"rendered":"https:\/\/uj.adatbank.ro\/lexikon\/termek\/biro-samuel-lecfalvi-lecfalvi-biro-samuel\/"},"modified":"2025-06-28T16:54:12","modified_gmt":"2025-06-28T14:54:12","slug":"biro-samuel-lecfalvi-lecfalvi-biro-samuel","status":"publish","type":"product","link":"https:\/\/uj.adatbank.ro\/lexikon\/termek\/biro-samuel-lecfalvi-lecfalvi-biro-samuel\/","title":{"rendered":"BIR\u00d3 S\u00e1muel, l\u00e9cfalvi, L\u00e9cfalvi B\u00edr\u00f3 S\u00e1muel"},"content":{"rendered":"<p>? \u2020 ? : ref. lelk\u00e9sz. \u2013 Feles\u00e9ge T\u00e9tsi Zsuzs\u00e1nna. \u2013 Enyeden subscrib\u00e1lt (1745), el\u0151z\u0151leg Banyic\u00e1n volt lelk\u00e9sz. A G\u00f6rg\u00e9nyi egyh\u00e1zmegy\u00e9be ker\u00fclt (1750). Mez\u0151pagocs\u00e1n (1751\u201354), Radn\u00f3tf\u00e1j\u00e1n (1754\u201357), Als\u00f3b\u00f6lk\u00e9nyben (1757\u201359), P\u00f3k\u00e1ban (1760\u201362) szolg\u00e1lt. <br \/><strong>Irod.:<\/strong> \u0150sz; P\u00f3ka<\/br><\/p>\n","protected":false},"excerpt":{"rendered":"<p>? \u2020 ? : ref. lelk\u00e9sz. \u2013 Feles\u00e9ge T\u00e9tsi Zsuzs\u00e1nna. \u2013 Enyeden subscrib\u00e1lt (1745), el\u0151z\u0151leg Banyic\u00e1n volt lelk\u00e9sz. A G\u00f6rg\u00e9nyi egyh\u00e1zmegy\u00e9be ker\u00fclt (1750). Mez\u0151pagocs\u00e1n (1751\u201354), Radn\u00f3tf\u00e1j\u00e1n (1754\u201357), Als\u00f3b\u00f6lk\u00e9nyben (1757\u201359), P\u00f3k\u00e1ban (1760\u201362) szolg\u00e1lt. Irod.: \u0150sz; P\u00f3ka<\/p>\n","protected":false},"featured_media":0,"comment_status":"open","ping_status":"closed","template":"","meta":[],"product_brand":[],"product_cat":[137],"product_tag":[],"class_list":{"0":"post-4817","1":"product","2":"type-product","3":"status-publish","5":"product_cat-maros-megyei-eletrajzi-lexikon","7":"first","8":"instock","9":"shipping-taxable","10":"product-type-simple"},"_links":{"self":[{"href":"https:\/\/uj.adatbank.ro\/lexikon\/wp-json\/wp\/v2\/product\/4817","targetHints":{"allow":["GET"]}}],"collection":[{"href":"https:\/\/uj.adatbank.ro\/lexikon\/wp-json\/wp\/v2\/product"}],"about":[{"href":"https:\/\/uj.adatbank.ro\/lexikon\/wp-json\/wp\/v2\/types\/product"}],"replies":[{"embeddable":true,"href":"https:\/\/uj.adatbank.ro\/lexikon\/wp-json\/wp\/v2\/comments?post=4817"}],"wp:attachment":[{"href":"https:\/\/uj.adatbank.ro\/lexikon\/wp-json\/wp\/v2\/media?parent=4817"}],"wp:term":[{"taxonomy":"product_brand","embeddable":true,"href":"https:\/\/uj.adatbank.ro\/lexikon\/wp-json\/wp\/v2\/product_brand?post=4817"},{"taxonomy":"product_cat","embeddable":true,"href":"https:\/\/uj.adatbank.ro\/lexikon\/wp-json\/wp\/v2\/product_cat?post=4817"},{"taxonomy":"product_tag","embeddable":true,"href":"https:\/\/uj.adatbank.ro\/lexikon\/wp-json\/wp\/v2\/product_tag?post=4817"}],"curies":[{"name":"wp","href":"https:\/\/api.w.org\/{rel}","templated":true}]}}