{"id":4818,"date":"2025-06-28T16:54:13","date_gmt":"2025-06-28T14:54:13","guid":{"rendered":"https:\/\/uj.adatbank.ro\/lexikon\/termek\/biro-sandor\/"},"modified":"2025-06-28T16:54:13","modified_gmt":"2025-06-28T14:54:13","slug":"biro-sandor","status":"publish","type":"product","link":"https:\/\/uj.adatbank.ro\/lexikon\/termek\/biro-sandor\/","title":{"rendered":"BIR\u00d3 S\u00e1ndor"},"content":{"rendered":"<p>1840., \u2020 Mv., 1911. j\u00fal. 27.: p\u00e9nzt\u00e1rnok. \u2013 Temetkez\u00e9si Egylet p\u00e9nzt\u00e1rnoka. <br \/><strong>Irod.:<\/strong> Gy\u00e1szjelent\u0151; P\u00e1lmay J\u00f3zsef<\/br><\/p>\n","protected":false},"excerpt":{"rendered":"<p>1840., \u2020 Mv., 1911. j\u00fal. 27.: p\u00e9nzt\u00e1rnok. \u2013 Temetkez\u00e9si Egylet p\u00e9nzt\u00e1rnoka. Irod.: Gy\u00e1szjelent\u0151; P\u00e1lmay J\u00f3zsef<\/p>\n","protected":false},"featured_media":0,"comment_status":"open","ping_status":"closed","template":"","meta":[],"product_brand":[],"product_cat":[137],"product_tag":[],"class_list":{"0":"post-4818","1":"product","2":"type-product","3":"status-publish","5":"product_cat-maros-megyei-eletrajzi-lexikon","7":"first","8":"instock","9":"shipping-taxable","10":"product-type-simple"},"_links":{"self":[{"href":"https:\/\/uj.adatbank.ro\/lexikon\/wp-json\/wp\/v2\/product\/4818","targetHints":{"allow":["GET"]}}],"collection":[{"href":"https:\/\/uj.adatbank.ro\/lexikon\/wp-json\/wp\/v2\/product"}],"about":[{"href":"https:\/\/uj.adatbank.ro\/lexikon\/wp-json\/wp\/v2\/types\/product"}],"replies":[{"embeddable":true,"href":"https:\/\/uj.adatbank.ro\/lexikon\/wp-json\/wp\/v2\/comments?post=4818"}],"wp:attachment":[{"href":"https:\/\/uj.adatbank.ro\/lexikon\/wp-json\/wp\/v2\/media?parent=4818"}],"wp:term":[{"taxonomy":"product_brand","embeddable":true,"href":"https:\/\/uj.adatbank.ro\/lexikon\/wp-json\/wp\/v2\/product_brand?post=4818"},{"taxonomy":"product_cat","embeddable":true,"href":"https:\/\/uj.adatbank.ro\/lexikon\/wp-json\/wp\/v2\/product_cat?post=4818"},{"taxonomy":"product_tag","embeddable":true,"href":"https:\/\/uj.adatbank.ro\/lexikon\/wp-json\/wp\/v2\/product_tag?post=4818"}],"curies":[{"name":"wp","href":"https:\/\/api.w.org\/{rel}","templated":true}]}}