{"id":4821,"date":"2025-06-28T16:54:16","date_gmt":"2025-06-28T14:54:16","guid":{"rendered":"https:\/\/uj.adatbank.ro\/lexikon\/termek\/biro-sandor-4\/"},"modified":"2025-06-28T16:54:16","modified_gmt":"2025-06-28T14:54:16","slug":"biro-sandor-4","status":"publish","type":"product","link":"https:\/\/uj.adatbank.ro\/lexikon\/termek\/biro-sandor-4\/","title":{"rendered":"B\u00cdR\u00d3 S\u00e1ndor"},"content":{"rendered":"<p>Rugonfalva, 1906. jan. 1., \u2020\u00a0H\u00e9derf\u00e1ja, 1983. \u00e1pr. 3.: ref. lelk\u00e9sz, esperes. \u2013 A sz\u00e9kelykereszt\u00fari gimn.-ban tanult (napi 10 km.-t gyalogolt), Segesv\u00e1ron \u00e9retts\u00e9gizett (1925), majd elv\u00e9gezte a teol\u00f3gi\u00e1t (1929), \u00e9s Mv.-re ker\u00fclt seg\u00e9dpapnak (1929\u201332). H\u00e9derf\u00e1j\u00e1ra h\u00edvt\u00e1k meg papnak. F\u0151 c\u00e9lkit\u0171z\u00e9s\u00e9nek a csal\u00e1di nevel\u00e9st tartotta. Az egyh\u00e1zmegye felismerte \u00e9rt\u00e9k\u00e9t \u00e9s f\u0151jegyz\u0151nek (1947), majd esperesnek v\u00e1lasztott\u00e1k (1950). D\u00edcs\u0151szentm\u00e1rtoba h\u00edvt\u00e1k meg lelk\u00e9sznek (1950\u201363). N\u0151sz\u00f6vets\u00e9get, ifj\u00fas\u00e1gi egyletet, vas\u00e1rnapi iskol\u00e1t hozott l\u00e9tre, a munkan\u00e9lk\u00fclieknek szeg\u00e9nykonyh\u00e1t m\u0171k\u0151dtettett. Visszah\u00edvt\u00e1k H\u00e9derf\u00e1j\u00e1ra nyugd\u00edjaz\u00e1s\u00e1ig (1963\u201373. m\u00e1rc. 31), ezut\u00e1n is v\u00e9gzett m\u00e9g lelk\u00e9szi szolg\u00e1latot. 44 \u00e9vi szolg\u00e1lata alatt hatszor v\u00e1lasztott\u00e1k \u00fajra, 24 \u00e9vi esperesi szolg\u00e1lat mellett az egyh\u00e1zker\u00fclet test\u00fcleteinek tagja volt: igazgat\u00f3tan\u00e1cs, nyugd\u00edjbizotts\u00e1g, fegyelmi bizotts\u00e1g, zsinat. <br \/><strong>Irod.:<\/strong> Dics\u0151szentm\u00e1rton r\u00e9gi arca; H\u00e9derf\u00e1ja \u00e9s egyh\u00e1za; [Nekrol\u00f3g], (V. Z., 1983. \u00e1pr. 5.)<\/br><\/p>\n","protected":false},"excerpt":{"rendered":"<p>Rugonfalva, 1906. jan. 1., \u2020\u00a0H\u00e9derf\u00e1ja, 1983. \u00e1pr. 3.: ref. lelk\u00e9sz, esperes. \u2013 A sz\u00e9kelykereszt\u00fari gimn.-ban tanult (napi 10 km.-t gyalogolt), Segesv\u00e1ron \u00e9retts\u00e9gizett (1925), majd elv\u00e9gezte a teol\u00f3gi\u00e1t (1929), \u00e9s Mv.-re ker\u00fclt seg\u00e9dpapnak (1929\u201332). H\u00e9derf\u00e1j\u00e1ra h\u00edvt\u00e1k meg papnak. F\u0151 c\u00e9lkit\u0171z\u00e9s\u00e9nek a csal\u00e1di nevel\u00e9st tartotta. Az egyh\u00e1zmegye felismerte \u00e9rt\u00e9k\u00e9t \u00e9s f\u0151jegyz\u0151nek (1947), majd esperesnek v\u00e1lasztott\u00e1k (1950). D\u00edcs\u0151szentm\u00e1rtoba [&hellip;]<\/p>\n","protected":false},"featured_media":0,"comment_status":"open","ping_status":"closed","template":"","meta":[],"product_brand":[],"product_cat":[137],"product_tag":[],"class_list":{"0":"post-4821","1":"product","2":"type-product","3":"status-publish","5":"product_cat-maros-megyei-eletrajzi-lexikon","7":"first","8":"instock","9":"shipping-taxable","10":"product-type-simple"},"_links":{"self":[{"href":"https:\/\/uj.adatbank.ro\/lexikon\/wp-json\/wp\/v2\/product\/4821","targetHints":{"allow":["GET"]}}],"collection":[{"href":"https:\/\/uj.adatbank.ro\/lexikon\/wp-json\/wp\/v2\/product"}],"about":[{"href":"https:\/\/uj.adatbank.ro\/lexikon\/wp-json\/wp\/v2\/types\/product"}],"replies":[{"embeddable":true,"href":"https:\/\/uj.adatbank.ro\/lexikon\/wp-json\/wp\/v2\/comments?post=4821"}],"wp:attachment":[{"href":"https:\/\/uj.adatbank.ro\/lexikon\/wp-json\/wp\/v2\/media?parent=4821"}],"wp:term":[{"taxonomy":"product_brand","embeddable":true,"href":"https:\/\/uj.adatbank.ro\/lexikon\/wp-json\/wp\/v2\/product_brand?post=4821"},{"taxonomy":"product_cat","embeddable":true,"href":"https:\/\/uj.adatbank.ro\/lexikon\/wp-json\/wp\/v2\/product_cat?post=4821"},{"taxonomy":"product_tag","embeddable":true,"href":"https:\/\/uj.adatbank.ro\/lexikon\/wp-json\/wp\/v2\/product_tag?post=4821"}],"curies":[{"name":"wp","href":"https:\/\/api.w.org\/{rel}","templated":true}]}}