{"id":4825,"date":"2025-06-28T16:54:24","date_gmt":"2025-06-28T14:54:24","guid":{"rendered":"https:\/\/uj.adatbank.ro\/lexikon\/termek\/birok-carol-birok-karoly\/"},"modified":"2025-06-28T16:54:24","modified_gmt":"2025-06-28T14:54:24","slug":"birok-carol-birok-karoly","status":"publish","type":"product","link":"https:\/\/uj.adatbank.ro\/lexikon\/termek\/birok-carol-birok-karoly\/","title":{"rendered":"BIROK Carol, Birok K\u00e1roly"},"content":{"rendered":"<p>Mv., 1922. j\u00fal. 28. \u2020 ? : tizedes. \u2013 A m. hadsereg k\u00f6tel\u00e9k\u00e9ben vett r\u00e9szt a II. vh. harcaiban, 8 \u00e9v \u00e9s 19 nap. <br \/><strong>Irod.:<\/strong> Reghin, militari<\/br><\/p>\n","protected":false},"excerpt":{"rendered":"<p>Mv., 1922. j\u00fal. 28. \u2020 ? : tizedes. \u2013 A m. hadsereg k\u00f6tel\u00e9k\u00e9ben vett r\u00e9szt a II. vh. harcaiban, 8 \u00e9v \u00e9s 19 nap. Irod.: Reghin, militari<\/p>\n","protected":false},"featured_media":0,"comment_status":"open","ping_status":"closed","template":"","meta":[],"product_brand":[],"product_cat":[137],"product_tag":[],"class_list":{"0":"post-4825","1":"product","2":"type-product","3":"status-publish","5":"product_cat-maros-megyei-eletrajzi-lexikon","7":"first","8":"instock","9":"shipping-taxable","10":"product-type-simple"},"_links":{"self":[{"href":"https:\/\/uj.adatbank.ro\/lexikon\/wp-json\/wp\/v2\/product\/4825","targetHints":{"allow":["GET"]}}],"collection":[{"href":"https:\/\/uj.adatbank.ro\/lexikon\/wp-json\/wp\/v2\/product"}],"about":[{"href":"https:\/\/uj.adatbank.ro\/lexikon\/wp-json\/wp\/v2\/types\/product"}],"replies":[{"embeddable":true,"href":"https:\/\/uj.adatbank.ro\/lexikon\/wp-json\/wp\/v2\/comments?post=4825"}],"wp:attachment":[{"href":"https:\/\/uj.adatbank.ro\/lexikon\/wp-json\/wp\/v2\/media?parent=4825"}],"wp:term":[{"taxonomy":"product_brand","embeddable":true,"href":"https:\/\/uj.adatbank.ro\/lexikon\/wp-json\/wp\/v2\/product_brand?post=4825"},{"taxonomy":"product_cat","embeddable":true,"href":"https:\/\/uj.adatbank.ro\/lexikon\/wp-json\/wp\/v2\/product_cat?post=4825"},{"taxonomy":"product_tag","embeddable":true,"href":"https:\/\/uj.adatbank.ro\/lexikon\/wp-json\/wp\/v2\/product_tag?post=4825"}],"curies":[{"name":"wp","href":"https:\/\/api.w.org\/{rel}","templated":true}]}}