{"id":4826,"date":"2025-06-28T16:54:25","date_gmt":"2025-06-28T14:54:25","guid":{"rendered":"https:\/\/uj.adatbank.ro\/lexikon\/termek\/birone-matyus-edit\/"},"modified":"2025-06-28T16:54:25","modified_gmt":"2025-06-28T14:54:25","slug":"birone-matyus-edit","status":"publish","type":"product","link":"https:\/\/uj.adatbank.ro\/lexikon\/termek\/birone-matyus-edit\/","title":{"rendered":"BIR\u00d3N\u00c9 M\u00c1TYUS Edit"},"content":{"rendered":"<p>Sz\u0151krfalva, 1926., \u2020\u00a02014 : fogorvos. \u2013 A MOGYE Fog\u00e1szati kar\u00e1n kezdte, de utols\u00f3 \u00e9v\u00e9n megsz\u0171nt a mv.-i fog\u00e1szati kar, emiatt Kv.-on abszolv\u00e1lta az egyetemet (1952). T\u00f6bb, k\u00fcl\u00f6nb\u00f6z\u0151 helyen volt fogorvos v\u00e9g\u00fcl Mv.-en mag\u00e1nrendel\u0151kben nyugd\u00edjaz\u00e1s\u00e1ig dolgozott. <br \/><strong>Irod.:<\/strong> Kiss\u2013P\u00e9terffy\u2013P\u00e9terffy; Kiss Cs. M 4.<\/br><\/p>\n","protected":false},"excerpt":{"rendered":"<p>Sz\u0151krfalva, 1926., \u2020\u00a02014 : fogorvos. \u2013 A MOGYE Fog\u00e1szati kar\u00e1n kezdte, de utols\u00f3 \u00e9v\u00e9n megsz\u0171nt a mv.-i fog\u00e1szati kar, emiatt Kv.-on abszolv\u00e1lta az egyetemet (1952). T\u00f6bb, k\u00fcl\u00f6nb\u00f6z\u0151 helyen volt fogorvos v\u00e9g\u00fcl Mv.-en mag\u00e1nrendel\u0151kben nyugd\u00edjaz\u00e1s\u00e1ig dolgozott. Irod.: Kiss\u2013P\u00e9terffy\u2013P\u00e9terffy; Kiss Cs. M 4.<\/p>\n","protected":false},"featured_media":0,"comment_status":"open","ping_status":"closed","template":"","meta":[],"product_brand":[],"product_cat":[137],"product_tag":[],"class_list":{"0":"post-4826","1":"product","2":"type-product","3":"status-publish","5":"product_cat-maros-megyei-eletrajzi-lexikon","7":"first","8":"instock","9":"shipping-taxable","10":"product-type-simple"},"_links":{"self":[{"href":"https:\/\/uj.adatbank.ro\/lexikon\/wp-json\/wp\/v2\/product\/4826","targetHints":{"allow":["GET"]}}],"collection":[{"href":"https:\/\/uj.adatbank.ro\/lexikon\/wp-json\/wp\/v2\/product"}],"about":[{"href":"https:\/\/uj.adatbank.ro\/lexikon\/wp-json\/wp\/v2\/types\/product"}],"replies":[{"embeddable":true,"href":"https:\/\/uj.adatbank.ro\/lexikon\/wp-json\/wp\/v2\/comments?post=4826"}],"wp:attachment":[{"href":"https:\/\/uj.adatbank.ro\/lexikon\/wp-json\/wp\/v2\/media?parent=4826"}],"wp:term":[{"taxonomy":"product_brand","embeddable":true,"href":"https:\/\/uj.adatbank.ro\/lexikon\/wp-json\/wp\/v2\/product_brand?post=4826"},{"taxonomy":"product_cat","embeddable":true,"href":"https:\/\/uj.adatbank.ro\/lexikon\/wp-json\/wp\/v2\/product_cat?post=4826"},{"taxonomy":"product_tag","embeddable":true,"href":"https:\/\/uj.adatbank.ro\/lexikon\/wp-json\/wp\/v2\/product_tag?post=4826"}],"curies":[{"name":"wp","href":"https:\/\/api.w.org\/{rel}","templated":true}]}}