{"id":4827,"date":"2025-06-28T16:54:26","date_gmt":"2025-06-28T14:54:26","guid":{"rendered":"https:\/\/uj.adatbank.ro\/lexikon\/termek\/birta-imre\/"},"modified":"2025-06-28T16:54:26","modified_gmt":"2025-06-28T14:54:26","slug":"birta-imre","status":"publish","type":"product","link":"https:\/\/uj.adatbank.ro\/lexikon\/termek\/birta-imre\/","title":{"rendered":"BIRTA Imre"},"content":{"rendered":"<p>? \u2020\u00a0? : tan\u00e1r.- A Mv.-i M. Kir. \u00c1llami Tan\u00edt\u00f3k\u00e9pz\u0151 Int\u00e9zet \u00e9s L\u00edc. f\u00f6ldrajz- \u00e9s t\u00f6rt\u00e9nelemtan\u00e1ra (1940\u201344.).<\/br><\/p>\n","protected":false},"excerpt":{"rendered":"<p>? \u2020\u00a0? : tan\u00e1r.- A Mv.-i M. Kir. \u00c1llami Tan\u00edt\u00f3k\u00e9pz\u0151 Int\u00e9zet \u00e9s L\u00edc. f\u00f6ldrajz- \u00e9s t\u00f6rt\u00e9nelemtan\u00e1ra (1940\u201344.).<\/p>\n","protected":false},"featured_media":0,"comment_status":"open","ping_status":"closed","template":"","meta":[],"product_brand":[],"product_cat":[137],"product_tag":[],"class_list":{"0":"post-4827","1":"product","2":"type-product","3":"status-publish","5":"product_cat-maros-megyei-eletrajzi-lexikon","7":"first","8":"instock","9":"shipping-taxable","10":"product-type-simple"},"_links":{"self":[{"href":"https:\/\/uj.adatbank.ro\/lexikon\/wp-json\/wp\/v2\/product\/4827","targetHints":{"allow":["GET"]}}],"collection":[{"href":"https:\/\/uj.adatbank.ro\/lexikon\/wp-json\/wp\/v2\/product"}],"about":[{"href":"https:\/\/uj.adatbank.ro\/lexikon\/wp-json\/wp\/v2\/types\/product"}],"replies":[{"embeddable":true,"href":"https:\/\/uj.adatbank.ro\/lexikon\/wp-json\/wp\/v2\/comments?post=4827"}],"wp:attachment":[{"href":"https:\/\/uj.adatbank.ro\/lexikon\/wp-json\/wp\/v2\/media?parent=4827"}],"wp:term":[{"taxonomy":"product_brand","embeddable":true,"href":"https:\/\/uj.adatbank.ro\/lexikon\/wp-json\/wp\/v2\/product_brand?post=4827"},{"taxonomy":"product_cat","embeddable":true,"href":"https:\/\/uj.adatbank.ro\/lexikon\/wp-json\/wp\/v2\/product_cat?post=4827"},{"taxonomy":"product_tag","embeddable":true,"href":"https:\/\/uj.adatbank.ro\/lexikon\/wp-json\/wp\/v2\/product_tag?post=4827"}],"curies":[{"name":"wp","href":"https:\/\/api.w.org\/{rel}","templated":true}]}}