{"id":4829,"date":"2025-06-28T16:54:29","date_gmt":"2025-06-28T14:54:29","guid":{"rendered":"https:\/\/uj.adatbank.ro\/lexikon\/termek\/birtalan-laszlo\/"},"modified":"2025-06-28T16:54:29","modified_gmt":"2025-06-28T14:54:29","slug":"birtalan-laszlo","status":"publish","type":"product","link":"https:\/\/uj.adatbank.ro\/lexikon\/termek\/birtalan-laszlo\/","title":{"rendered":"BIRTALAN L\u00e1szl\u00f3"},"content":{"rendered":"<p>Kib\u00e9d, 1887., \u2020 ?\u00a0: katona. \u2013 Besorozt\u00e1k (1908). A m. kir. mv.-i 9. Honv\u00e9d husz\u00e1rezred katon\u00e1ja (1908), kit\u00fcntet\u00e9sre javasoltak egyike. <br \/><strong>Irod.:<\/strong> Koszta<\/br><\/p>\n","protected":false},"excerpt":{"rendered":"<p>Kib\u00e9d, 1887., \u2020 ?\u00a0: katona. \u2013 Besorozt\u00e1k (1908). A m. kir. mv.-i 9. Honv\u00e9d husz\u00e1rezred katon\u00e1ja (1908), kit\u00fcntet\u00e9sre javasoltak egyike. Irod.: Koszta<\/p>\n","protected":false},"featured_media":0,"comment_status":"open","ping_status":"closed","template":"","meta":[],"product_brand":[],"product_cat":[137],"product_tag":[],"class_list":{"0":"post-4829","1":"product","2":"type-product","3":"status-publish","5":"product_cat-maros-megyei-eletrajzi-lexikon","7":"first","8":"instock","9":"shipping-taxable","10":"product-type-simple"},"_links":{"self":[{"href":"https:\/\/uj.adatbank.ro\/lexikon\/wp-json\/wp\/v2\/product\/4829","targetHints":{"allow":["GET"]}}],"collection":[{"href":"https:\/\/uj.adatbank.ro\/lexikon\/wp-json\/wp\/v2\/product"}],"about":[{"href":"https:\/\/uj.adatbank.ro\/lexikon\/wp-json\/wp\/v2\/types\/product"}],"replies":[{"embeddable":true,"href":"https:\/\/uj.adatbank.ro\/lexikon\/wp-json\/wp\/v2\/comments?post=4829"}],"wp:attachment":[{"href":"https:\/\/uj.adatbank.ro\/lexikon\/wp-json\/wp\/v2\/media?parent=4829"}],"wp:term":[{"taxonomy":"product_brand","embeddable":true,"href":"https:\/\/uj.adatbank.ro\/lexikon\/wp-json\/wp\/v2\/product_brand?post=4829"},{"taxonomy":"product_cat","embeddable":true,"href":"https:\/\/uj.adatbank.ro\/lexikon\/wp-json\/wp\/v2\/product_cat?post=4829"},{"taxonomy":"product_tag","embeddable":true,"href":"https:\/\/uj.adatbank.ro\/lexikon\/wp-json\/wp\/v2\/product_tag?post=4829"}],"curies":[{"name":"wp","href":"https:\/\/api.w.org\/{rel}","templated":true}]}}