{"id":4830,"date":"2025-06-28T16:54:41","date_gmt":"2025-06-28T14:54:41","guid":{"rendered":"https:\/\/uj.adatbank.ro\/lexikon\/termek\/birtalan-sandor-birtalan-alexandru\/"},"modified":"2025-06-28T16:54:41","modified_gmt":"2025-06-28T14:54:41","slug":"birtalan-sandor-birtalan-alexandru","status":"publish","type":"product","link":"https:\/\/uj.adatbank.ro\/lexikon\/termek\/birtalan-sandor-birtalan-alexandru\/","title":{"rendered":"BIRTALAN S\u00e1ndor, Birtalan Alexandru"},"content":{"rendered":"<p>Lack\u00f3d, 1878. jan. 1., \u2020\u00a0?: \u00fcgyv\u00e9d. \u2013 Gimn.-ot Bal\u00e1zsfalv\u00e1n, jogot Kv.-on \u201eFerenc J\u00f3zsef\u201d TE v\u00e9gzettje (1897\u20131901). Sz\u00e1szr\u00e9genben j\u00e1r\u00e1sb\u00edr\u00f3. A t\u00f6rv\u00e9nysz\u00e9k eln\u00f6ke lett (1919). <br \/><strong>Irod.:<\/strong> Id\u0151t\u00e1r 3; Sigmirean<\/br><\/p>\n","protected":false},"excerpt":{"rendered":"<p>Lack\u00f3d, 1878. jan. 1., \u2020\u00a0?: \u00fcgyv\u00e9d. \u2013 Gimn.-ot Bal\u00e1zsfalv\u00e1n, jogot Kv.-on \u201eFerenc J\u00f3zsef\u201d TE v\u00e9gzettje (1897\u20131901). Sz\u00e1szr\u00e9genben j\u00e1r\u00e1sb\u00edr\u00f3. A t\u00f6rv\u00e9nysz\u00e9k eln\u00f6ke lett (1919). Irod.: Id\u0151t\u00e1r 3; Sigmirean<\/p>\n","protected":false},"featured_media":0,"comment_status":"open","ping_status":"closed","template":"","meta":[],"product_brand":[],"product_cat":[137],"product_tag":[],"class_list":{"0":"post-4830","1":"product","2":"type-product","3":"status-publish","5":"product_cat-maros-megyei-eletrajzi-lexikon","7":"first","8":"instock","9":"shipping-taxable","10":"product-type-simple"},"_links":{"self":[{"href":"https:\/\/uj.adatbank.ro\/lexikon\/wp-json\/wp\/v2\/product\/4830","targetHints":{"allow":["GET"]}}],"collection":[{"href":"https:\/\/uj.adatbank.ro\/lexikon\/wp-json\/wp\/v2\/product"}],"about":[{"href":"https:\/\/uj.adatbank.ro\/lexikon\/wp-json\/wp\/v2\/types\/product"}],"replies":[{"embeddable":true,"href":"https:\/\/uj.adatbank.ro\/lexikon\/wp-json\/wp\/v2\/comments?post=4830"}],"wp:attachment":[{"href":"https:\/\/uj.adatbank.ro\/lexikon\/wp-json\/wp\/v2\/media?parent=4830"}],"wp:term":[{"taxonomy":"product_brand","embeddable":true,"href":"https:\/\/uj.adatbank.ro\/lexikon\/wp-json\/wp\/v2\/product_brand?post=4830"},{"taxonomy":"product_cat","embeddable":true,"href":"https:\/\/uj.adatbank.ro\/lexikon\/wp-json\/wp\/v2\/product_cat?post=4830"},{"taxonomy":"product_tag","embeddable":true,"href":"https:\/\/uj.adatbank.ro\/lexikon\/wp-json\/wp\/v2\/product_tag?post=4830"}],"curies":[{"name":"wp","href":"https:\/\/api.w.org\/{rel}","templated":true}]}}