{"id":4831,"date":"2025-06-28T16:54:43","date_gmt":"2025-06-28T14:54:43","guid":{"rendered":"https:\/\/uj.adatbank.ro\/lexikon\/termek\/birtha-zoltan\/"},"modified":"2025-06-28T16:54:43","modified_gmt":"2025-06-28T14:54:43","slug":"birtha-zoltan","status":"publish","type":"product","link":"https:\/\/uj.adatbank.ro\/lexikon\/termek\/birtha-zoltan\/","title":{"rendered":"BIRTHA Zolt\u00e1n"},"content":{"rendered":"<p>Nagyteremi, 1899., \u2020\u00a0? : vend\u00e9gl\u0151s. \u2013 Iskol\u00e1i elv\u00e9gz\u00e9se ut\u00e1n a vend\u00e9gl\u0151s szakm\u00e1t Kv.-on tanulta. Bp.-en \u00e9s Mv.-en m\u0171k\u00f6d\u00f6tt \u00f6n\u00e1ll\u00f3an (1941\u2013). <br \/><strong>Irod.:<\/strong> Sz\u00e9kelyf\u00f6ld \u00ed. k<\/br><\/p>\n","protected":false},"excerpt":{"rendered":"<p>Nagyteremi, 1899., \u2020\u00a0? : vend\u00e9gl\u0151s. \u2013 Iskol\u00e1i elv\u00e9gz\u00e9se ut\u00e1n a vend\u00e9gl\u0151s szakm\u00e1t Kv.-on tanulta. Bp.-en \u00e9s Mv.-en m\u0171k\u00f6d\u00f6tt \u00f6n\u00e1ll\u00f3an (1941\u2013). Irod.: Sz\u00e9kelyf\u00f6ld \u00ed. k<\/p>\n","protected":false},"featured_media":0,"comment_status":"open","ping_status":"closed","template":"","meta":[],"product_brand":[],"product_cat":[137],"product_tag":[],"class_list":{"0":"post-4831","1":"product","2":"type-product","3":"status-publish","5":"product_cat-maros-megyei-eletrajzi-lexikon","7":"first","8":"instock","9":"shipping-taxable","10":"product-type-simple"},"_links":{"self":[{"href":"https:\/\/uj.adatbank.ro\/lexikon\/wp-json\/wp\/v2\/product\/4831","targetHints":{"allow":["GET"]}}],"collection":[{"href":"https:\/\/uj.adatbank.ro\/lexikon\/wp-json\/wp\/v2\/product"}],"about":[{"href":"https:\/\/uj.adatbank.ro\/lexikon\/wp-json\/wp\/v2\/types\/product"}],"replies":[{"embeddable":true,"href":"https:\/\/uj.adatbank.ro\/lexikon\/wp-json\/wp\/v2\/comments?post=4831"}],"wp:attachment":[{"href":"https:\/\/uj.adatbank.ro\/lexikon\/wp-json\/wp\/v2\/media?parent=4831"}],"wp:term":[{"taxonomy":"product_brand","embeddable":true,"href":"https:\/\/uj.adatbank.ro\/lexikon\/wp-json\/wp\/v2\/product_brand?post=4831"},{"taxonomy":"product_cat","embeddable":true,"href":"https:\/\/uj.adatbank.ro\/lexikon\/wp-json\/wp\/v2\/product_cat?post=4831"},{"taxonomy":"product_tag","embeddable":true,"href":"https:\/\/uj.adatbank.ro\/lexikon\/wp-json\/wp\/v2\/product_tag?post=4831"}],"curies":[{"name":"wp","href":"https:\/\/api.w.org\/{rel}","templated":true}]}}