{"id":4836,"date":"2025-06-28T16:54:52","date_gmt":"2025-06-28T14:54:52","guid":{"rendered":"https:\/\/uj.adatbank.ro\/lexikon\/termek\/birtok-ferenc-2\/"},"modified":"2025-06-28T16:54:52","modified_gmt":"2025-06-28T14:54:52","slug":"birtok-ferenc-2","status":"publish","type":"product","link":"https:\/\/uj.adatbank.ro\/lexikon\/termek\/birtok-ferenc-2\/","title":{"rendered":"BIRT\u00d3K Ferenc"},"content":{"rendered":"<p>Ny\u00e1r\u00e1dremete, 1919. szept. 25., \u2020 Ny\u00e1r\u00e1dremete, 1999. dec. 1.: r. k. pap. \u2013 Tanult Mv.-en, Sz\u00e9kelyudvarhelyen, \u00e9retts\u00e9gizett a kv.-i Piarista F\u0151gimn.-ban (1939); a R. K. Hittudom\u00e1nyi F\u0151isk.-n oklevelet szerzett (1944) \u00e9s dr. Mindszenthy J\u00f3zsef b\u00edboros a veszpr\u00e9mi b\u00f6rt\u00f6n rabjak\u00e9nt szentelte papp\u00e1 (1944. dec. 10.). K\u00e1pl\u00e1n volt Cs\u00edknagyboldogasszonyon (1944), Cs\u00edkszentdomokoson (1945\u201348), Brass\u00f3-Bolony\u00e1ban (1948\u201353). A kommunista vil\u00e1gban ism\u00e9t letart\u00f3ztatt\u00e1k, politikai el\u00edt\u00e9lt (1953\u201355). Pl\u00e9b\u00e1nos Marosh\u00e9v\u00edzen (1955\u201372), Ditr\u00f3ban (1972\u2013), Borsz\u00e9ken (1973\u201390). Szentsz\u00e9ki tan\u00e1csos (1969\u2013). Nyugd\u00edjba vonult (1990). B\u00faz\u00e1sbeseny\u0151ben nyugd\u00edjas pl\u00e9b\u00e1nos (1993\u2013); majd sz\u00fcl\u0151faluj\u00e1ban fejtett ki \u00e1ld\u00e1sos tev\u00e9kenys\u00e9get. <br \/><strong>Irod.:<\/strong> Ferenczi S\u00e1ndor 2009; KKACs; [Nekrol\u00f3g] (N\u00fa., 1999. nov. 3.) Ny\u00e1r\u00e1dremete<\/br><\/p>\n","protected":false},"excerpt":{"rendered":"<p>Ny\u00e1r\u00e1dremete, 1919. szept. 25., \u2020 Ny\u00e1r\u00e1dremete, 1999. dec. 1.: r. k. pap. \u2013 Tanult Mv.-en, Sz\u00e9kelyudvarhelyen, \u00e9retts\u00e9gizett a kv.-i Piarista F\u0151gimn.-ban (1939); a R. K. Hittudom\u00e1nyi F\u0151isk.-n oklevelet szerzett (1944) \u00e9s dr. Mindszenthy J\u00f3zsef b\u00edboros a veszpr\u00e9mi b\u00f6rt\u00f6n rabjak\u00e9nt szentelte papp\u00e1 (1944. dec. 10.). K\u00e1pl\u00e1n volt Cs\u00edknagyboldogasszonyon (1944), Cs\u00edkszentdomokoson (1945\u201348), Brass\u00f3-Bolony\u00e1ban (1948\u201353). A kommunista vil\u00e1gban [&hellip;]<\/p>\n","protected":false},"featured_media":0,"comment_status":"open","ping_status":"closed","template":"","meta":[],"product_brand":[],"product_cat":[137],"product_tag":[],"class_list":{"0":"post-4836","1":"product","2":"type-product","3":"status-publish","5":"product_cat-maros-megyei-eletrajzi-lexikon","7":"first","8":"instock","9":"shipping-taxable","10":"product-type-simple"},"_links":{"self":[{"href":"https:\/\/uj.adatbank.ro\/lexikon\/wp-json\/wp\/v2\/product\/4836","targetHints":{"allow":["GET"]}}],"collection":[{"href":"https:\/\/uj.adatbank.ro\/lexikon\/wp-json\/wp\/v2\/product"}],"about":[{"href":"https:\/\/uj.adatbank.ro\/lexikon\/wp-json\/wp\/v2\/types\/product"}],"replies":[{"embeddable":true,"href":"https:\/\/uj.adatbank.ro\/lexikon\/wp-json\/wp\/v2\/comments?post=4836"}],"wp:attachment":[{"href":"https:\/\/uj.adatbank.ro\/lexikon\/wp-json\/wp\/v2\/media?parent=4836"}],"wp:term":[{"taxonomy":"product_brand","embeddable":true,"href":"https:\/\/uj.adatbank.ro\/lexikon\/wp-json\/wp\/v2\/product_brand?post=4836"},{"taxonomy":"product_cat","embeddable":true,"href":"https:\/\/uj.adatbank.ro\/lexikon\/wp-json\/wp\/v2\/product_cat?post=4836"},{"taxonomy":"product_tag","embeddable":true,"href":"https:\/\/uj.adatbank.ro\/lexikon\/wp-json\/wp\/v2\/product_tag?post=4836"}],"curies":[{"name":"wp","href":"https:\/\/api.w.org\/{rel}","templated":true}]}}