{"id":4837,"date":"2025-06-28T16:54:54","date_gmt":"2025-06-28T14:54:54","guid":{"rendered":"https:\/\/uj.adatbank.ro\/lexikon\/termek\/birtok-kovacs-ferenc\/"},"modified":"2025-06-28T16:54:54","modified_gmt":"2025-06-28T14:54:54","slug":"birtok-kovacs-ferenc","status":"publish","type":"product","link":"https:\/\/uj.adatbank.ro\/lexikon\/termek\/birtok-kovacs-ferenc\/","title":{"rendered":"BIRT\u00d3K-Kov\u00e1cs Ferenc"},"content":{"rendered":"<p>Ny\u00e1r\u00e1dremete, 1918., \u2020 Ny\u00e1r\u00e1dremete, 2009. okt. 15.: tan\u00e1r, jog\u00e1sz. \u2013 A jogi diplom\u00e1t Kv.-on szerezte, dr. A II. vh. ut\u00e1n a ny\u00e1r\u00e1dremetei egys\u00e9ges gimn. igazgat\u00f3ja, rom\u00e1n \u00e9s matematikatan\u00e1ra (1945\u201349), a gimn. megsz\u0171n\u00e9se ut\u00e1n k\u00f6zs\u00e9gi tisztvisel\u0151 (\u20131952), majd hivatalnok Szov\u00e1t\u00e1n. \u2013 <strong>F. m.:<\/strong> Ny\u00e1r\u00e1dremete monogr\u00e1fi\u00e1ja (2003); Al\u00e1d\u00facolt \u00e9let, tilalmas \u00f6sv\u00e9nyek (2004). <br \/><strong>Irod.:<\/strong> Nagy Botond (N\u00fa, 2004. szept. 22); Ny\u00e1r\u00e1dremete; [Nekrol\u00f3g] (N\u00fa., 2009. okt.)<\/br><\/p>\n","protected":false},"excerpt":{"rendered":"<p>Ny\u00e1r\u00e1dremete, 1918., \u2020 Ny\u00e1r\u00e1dremete, 2009. okt. 15.: tan\u00e1r, jog\u00e1sz. \u2013 A jogi diplom\u00e1t Kv.-on szerezte, dr. A II. vh. ut\u00e1n a ny\u00e1r\u00e1dremetei egys\u00e9ges gimn. igazgat\u00f3ja, rom\u00e1n \u00e9s matematikatan\u00e1ra (1945\u201349), a gimn. megsz\u0171n\u00e9se ut\u00e1n k\u00f6zs\u00e9gi tisztvisel\u0151 (\u20131952), majd hivatalnok Szov\u00e1t\u00e1n. \u2013 F. m.: Ny\u00e1r\u00e1dremete monogr\u00e1fi\u00e1ja (2003); Al\u00e1d\u00facolt \u00e9let, tilalmas \u00f6sv\u00e9nyek (2004). Irod.: Nagy Botond (N\u00fa, 2004. [&hellip;]<\/p>\n","protected":false},"featured_media":0,"comment_status":"open","ping_status":"closed","template":"","meta":[],"product_brand":[],"product_cat":[137],"product_tag":[],"class_list":{"0":"post-4837","1":"product","2":"type-product","3":"status-publish","5":"product_cat-maros-megyei-eletrajzi-lexikon","7":"first","8":"instock","9":"shipping-taxable","10":"product-type-simple"},"_links":{"self":[{"href":"https:\/\/uj.adatbank.ro\/lexikon\/wp-json\/wp\/v2\/product\/4837","targetHints":{"allow":["GET"]}}],"collection":[{"href":"https:\/\/uj.adatbank.ro\/lexikon\/wp-json\/wp\/v2\/product"}],"about":[{"href":"https:\/\/uj.adatbank.ro\/lexikon\/wp-json\/wp\/v2\/types\/product"}],"replies":[{"embeddable":true,"href":"https:\/\/uj.adatbank.ro\/lexikon\/wp-json\/wp\/v2\/comments?post=4837"}],"wp:attachment":[{"href":"https:\/\/uj.adatbank.ro\/lexikon\/wp-json\/wp\/v2\/media?parent=4837"}],"wp:term":[{"taxonomy":"product_brand","embeddable":true,"href":"https:\/\/uj.adatbank.ro\/lexikon\/wp-json\/wp\/v2\/product_brand?post=4837"},{"taxonomy":"product_cat","embeddable":true,"href":"https:\/\/uj.adatbank.ro\/lexikon\/wp-json\/wp\/v2\/product_cat?post=4837"},{"taxonomy":"product_tag","embeddable":true,"href":"https:\/\/uj.adatbank.ro\/lexikon\/wp-json\/wp\/v2\/product_tag?post=4837"}],"curies":[{"name":"wp","href":"https:\/\/api.w.org\/{rel}","templated":true}]}}