{"id":4838,"date":"2025-06-28T16:54:55","date_gmt":"2025-06-28T14:54:55","guid":{"rendered":"https:\/\/uj.adatbank.ro\/lexikon\/termek\/bissingen-erzsebet-gr-bissingen-nippenburg-erzsebet\/"},"modified":"2026-02-17T08:46:16","modified_gmt":"2026-02-17T07:46:16","slug":"bissingen-erzsebet-gr-bissingen-nippenburg-erzsebet","status":"publish","type":"product","link":"https:\/\/uj.adatbank.ro\/lexikon\/termek\/bissingen-erzsebet-gr-bissingen-nippenburg-erzsebet\/","title":{"rendered":"BISSINGEN Erzs\u00e9bet, gr., Bissingen Nippenburg Erzs\u00e9bet"},"content":{"rendered":"<p>Meggyesfalva, 1899. aug. 7. \u2020 Holzkirchen, 1984. febr. 18.: f\u00f6ldbirtokos, mec\u00e9n\u00e1s. \u2013 Bissingen-Nippenburg Otto (1860\u20131900) \u00e9s L\u00e1z\u00e1r N\u00f3ra \/Eleon\u00f3ra (1871\u20131952) le\u00e1nya. Testv\u00e9re: Margit Apor Istv\u00e1nn\u00e9 (1897\u20131980). \u2013 Angol nyelv\u0171 nevel\u00e9sben r\u00e9szes\u00fclt. K\u00f6z\u00e9piskol\u00e1t v\u00e9gzett. Meggyesfalv\u00e1n \u00e9ltek. Margit n\u0151v\u00e9r\u00e9vel a meggyesfalvi \u00e9s a sz\u00e1rhegyi birtok \u00e9s a L\u00e1z\u00e1r-kast\u00e9ly utols\u00f3 tulajdonosa. A Helikon \u00cdr\u00f3i T\u00e1rsas\u00e1g v\u00e1s\u00e1rhelyi bemutatkoz\u00e1sa alkalm\u00e1val fogad\u00e1st adott f\u0151t\u00e9ri palot\u00e1j\u00e1ban (1927). Az Erd\u00e9lyi Helikon mv.-i tagjai k\u00f6zt szerepelt (1930). Mv.-en tal\u00e1lkozhatott \u00e9s k\u00f6zelebbi kapcsolatba ker\u00fclt Ralph Murray angol atas\u00e9val. Leford\u00edtotta Kuncz Alad\u00e1r Fekete kolostor c. reg\u00e9ny\u00e9t, de ford\u00edt\u00f3k\u00e9nt Francis Ralph Hay neve alatt jelent meg (Black Monastery. \u2013 London, 1934.; New York, 1934), aki val\u00f3sz\u00edn\u0171 csak stiliz\u00e1lta az angol sz\u00f6veget. A korabeli j\u00f3t\u00e9konyegyletekben tev\u00e9kenykedett. Birtokukr\u00f3l \u00e9lelmezte a II. vh. alatt az ell\u00e1t\u00e1s n\u00e9lk\u00fcl maradt mv.-i k\u00f3rh\u00e1zakat, a szanat\u00f3riumot. A II. vh. ut\u00e1n v\u00f6r\u00f6skeresztes n\u00f6v\u00e9rk\u00e9nt, saj\u00e1t p\u00e9nz\u00e9vel b\u00e9relt aut\u00f3busszal j\u00e1rta az \u00e1rtatlanul szenved\u0151k t\u00e1bor\u00e1t \u00e9s a f\u00f6ldv\u00e1ri t\u00e1borb\u00f3l is kiv\u00e1ltott egy csoport foglyot (1945. tavasz). K\u00e9nyszerlakhelyre Mv.-re k\u00f6lt\u00f6ztett\u00e9k (1949. m\u00e1rc. 2\u20133). Letartoztatt\u00e1k \u00bbt\u00e1rsadalmi rend elleni tev\u00e9kenys\u00e9g\u00e9rt\u00ab (1959. okt. 19.). A v\u00e1d szerint a lak\u00e1s\u00e1n tartott \u00f6sszej\u00f6veteleken gyal\u00e1zta a rendszert, 1956-ban az \u201eellenforradalom\u201d melletti rokonszenv\u00e9t \u00e9s a Szovjetuni\u00f3val szembeni gy\u0171l\u00f6let\u00e9t fejezte ki. A 15 \u00e9vre \u00edt\u00e9lt Tisza Gy\u00f6rgy, egy illeg\u00e1lis adventista szekta vezet\u0151je sz\u00e1m\u00e1ra ellenforradalmi ki\u00e1ltv\u00e1nyt g\u00e9pelt le (1955-ben). Letart\u00f3ztatt\u00e1k, el\u00edt\u00e9lt\u00e9k, Cs\u00edkszered\u00e1n a b\u00f6rt\u00f6nben volt (1956\u20131964). H\u00e9t \u00e9ves b\u00f6rt\u00f6nb\u00fcntet\u00e9se let\u00f6lt\u00e9se ut\u00e1n N\u00e9meto.-ba t\u00e1vozott. M\u00fcnchenben \u00e9lt. A k\u00e1rtalan\u00edt\u00e1sk\u00e9nt kapott \u00f6sszeget a mv.-i nyomorg\u00f3 \u00f6reg arisztokrat\u00e1kra k\u00f6lt\u00f6tte.<br \/>\n<strong>Irod.:<\/strong> 1956 Erd\u00e9lyben; \u00c1ldozatok; Bern\u00e1dy; Csepreghy A.-H; Dar\u00f3czi Ferenc: F\u00f6ldv\u00e1ri hal\u00e1lt\u00e1bor; dokumentum -riport. 15. (N\u00fa., 1994. aug. 18.); Gudenus; Helikon 1924\u20131944; Id\u0151t\u00e1r 3; Lev\u00e9lt\u00e1ri gy\u00e1szj.; L\u0151rinczi L\u00e1szl\u00f3: Rege a Fekete kolostor ford\u00edt\u00f3ir\u00f3l (Irodalmi Jelen, 80. sz., 2008); Marosi-Helikon; Marosi-KZST; Marosi Ildik\u00f3: Helikon (17 sz., 1995.); Marosi Ildik\u00f3: \u00d6r\u00f6kbe hagyott besz\u00e9lget\u00e9s gr. Teleki Mih\u00e1llyal (Cs\u00edkszereda, 2004); Mv.-i Almanach, 1912.<\/p>\n","protected":false},"excerpt":{"rendered":"<p>Meggyesfalva, 1899. aug. 7. \u2020 Holzkirchen, 1984. febr. 18.: f\u00f6ldbirtokos, mec\u00e9n\u00e1s. \u2013 Bissingen-Nippenburg Otto (1860\u20131900) \u00e9s L\u00e1z\u00e1r N\u00f3ra \/Eleon\u00f3ra (1871\u20131952) le\u00e1nya. Testv\u00e9re: Margit Apor Istv\u00e1nn\u00e9 (1897\u20131980). \u2013 Angol nyelv\u0171 nevel\u00e9sben r\u00e9szes\u00fclt. K\u00f6z\u00e9piskol\u00e1t v\u00e9gzett. Meggyesfalv\u00e1n \u00e9ltek. Margit n\u0151v\u00e9r\u00e9vel a meggyesfalvi \u00e9s a sz\u00e1rhegyi birtok \u00e9s a L\u00e1z\u00e1r-kast\u00e9ly utols\u00f3 tulajdonosa. A Helikon \u00cdr\u00f3i T\u00e1rsas\u00e1g v\u00e1s\u00e1rhelyi bemutatkoz\u00e1sa alkalm\u00e1val [&hellip;]<\/p>\n","protected":false},"featured_media":0,"comment_status":"open","ping_status":"closed","template":"","meta":[],"product_brand":[],"product_cat":[137],"product_tag":[],"class_list":{"0":"post-4838","1":"product","2":"type-product","3":"status-publish","5":"product_cat-maros-megyei-eletrajzi-lexikon","7":"first","8":"instock","9":"shipping-taxable","10":"product-type-simple"},"_links":{"self":[{"href":"https:\/\/uj.adatbank.ro\/lexikon\/wp-json\/wp\/v2\/product\/4838","targetHints":{"allow":["GET"]}}],"collection":[{"href":"https:\/\/uj.adatbank.ro\/lexikon\/wp-json\/wp\/v2\/product"}],"about":[{"href":"https:\/\/uj.adatbank.ro\/lexikon\/wp-json\/wp\/v2\/types\/product"}],"replies":[{"embeddable":true,"href":"https:\/\/uj.adatbank.ro\/lexikon\/wp-json\/wp\/v2\/comments?post=4838"}],"wp:attachment":[{"href":"https:\/\/uj.adatbank.ro\/lexikon\/wp-json\/wp\/v2\/media?parent=4838"}],"wp:term":[{"taxonomy":"product_brand","embeddable":true,"href":"https:\/\/uj.adatbank.ro\/lexikon\/wp-json\/wp\/v2\/product_brand?post=4838"},{"taxonomy":"product_cat","embeddable":true,"href":"https:\/\/uj.adatbank.ro\/lexikon\/wp-json\/wp\/v2\/product_cat?post=4838"},{"taxonomy":"product_tag","embeddable":true,"href":"https:\/\/uj.adatbank.ro\/lexikon\/wp-json\/wp\/v2\/product_tag?post=4838"}],"curies":[{"name":"wp","href":"https:\/\/api.w.org\/{rel}","templated":true}]}}