{"id":4839,"date":"2025-06-28T16:54:57","date_gmt":"2025-06-28T14:54:57","guid":{"rendered":"https:\/\/uj.adatbank.ro\/lexikon\/termek\/bissingen-nippenburg-margit-apor-istvanne\/"},"modified":"2025-06-28T16:54:57","modified_gmt":"2025-06-28T14:54:57","slug":"bissingen-nippenburg-margit-apor-istvanne","status":"publish","type":"product","link":"https:\/\/uj.adatbank.ro\/lexikon\/termek\/bissingen-nippenburg-margit-apor-istvanne\/","title":{"rendered":"BISSINGEN Nippenburg Margit; Apor Istv\u00e1nn\u00e9"},"content":{"rendered":"<p>Kecskem\u00e9t, 1897. szept. 25., \u2020\u00a0Buenos Aires, 1980. okt. 1.: \u00fasz\u00f3bajnok. \u2013F\u00e9rje: altorjai br. Apor Istv\u00e1n (1890\u20131962). Gyermekeik: M\u00e1ria Kl\u00e1ra Eleonora Judit (Mv., 1920. m\u00e1rc. 21. \u2013), M\u00e1ria Margit (Bp., 1921. m\u00e1j. 21. \u2013), Antal B\u00e9la L\u00e1z\u00e1r (Meggyesfalva, 1924. j\u00fal. 25., \u2013 1990). \u2013 100 m\u00e9teres mell\u00fasz\u00e1sban els\u0151 d\u00edjat nyert az orsz\u00e1gos \u00fasz\u00f3versenyen mint a MSE sportol\u00f3ja (1926). <br \/><strong>Irod.:<\/strong> Id\u0151t\u00e1r 3; Lev\u00e9lt\u00e1ri gy\u00e1szj.<\/br><\/p>\n","protected":false},"excerpt":{"rendered":"<p>Kecskem\u00e9t, 1897. szept. 25., \u2020\u00a0Buenos Aires, 1980. okt. 1.: \u00fasz\u00f3bajnok. \u2013F\u00e9rje: altorjai br. Apor Istv\u00e1n (1890\u20131962). Gyermekeik: M\u00e1ria Kl\u00e1ra Eleonora Judit (Mv., 1920. m\u00e1rc. 21. \u2013), M\u00e1ria Margit (Bp., 1921. m\u00e1j. 21. \u2013), Antal B\u00e9la L\u00e1z\u00e1r (Meggyesfalva, 1924. j\u00fal. 25., \u2013 1990). \u2013 100 m\u00e9teres mell\u00fasz\u00e1sban els\u0151 d\u00edjat nyert az orsz\u00e1gos \u00fasz\u00f3versenyen mint a MSE [&hellip;]<\/p>\n","protected":false},"featured_media":0,"comment_status":"open","ping_status":"closed","template":"","meta":[],"product_brand":[],"product_cat":[137],"product_tag":[],"class_list":{"0":"post-4839","1":"product","2":"type-product","3":"status-publish","5":"product_cat-maros-megyei-eletrajzi-lexikon","7":"first","8":"instock","9":"shipping-taxable","10":"product-type-simple"},"_links":{"self":[{"href":"https:\/\/uj.adatbank.ro\/lexikon\/wp-json\/wp\/v2\/product\/4839","targetHints":{"allow":["GET"]}}],"collection":[{"href":"https:\/\/uj.adatbank.ro\/lexikon\/wp-json\/wp\/v2\/product"}],"about":[{"href":"https:\/\/uj.adatbank.ro\/lexikon\/wp-json\/wp\/v2\/types\/product"}],"replies":[{"embeddable":true,"href":"https:\/\/uj.adatbank.ro\/lexikon\/wp-json\/wp\/v2\/comments?post=4839"}],"wp:attachment":[{"href":"https:\/\/uj.adatbank.ro\/lexikon\/wp-json\/wp\/v2\/media?parent=4839"}],"wp:term":[{"taxonomy":"product_brand","embeddable":true,"href":"https:\/\/uj.adatbank.ro\/lexikon\/wp-json\/wp\/v2\/product_brand?post=4839"},{"taxonomy":"product_cat","embeddable":true,"href":"https:\/\/uj.adatbank.ro\/lexikon\/wp-json\/wp\/v2\/product_cat?post=4839"},{"taxonomy":"product_tag","embeddable":true,"href":"https:\/\/uj.adatbank.ro\/lexikon\/wp-json\/wp\/v2\/product_tag?post=4839"}],"curies":[{"name":"wp","href":"https:\/\/api.w.org\/{rel}","templated":true}]}}