{"id":4840,"date":"2025-06-28T16:54:59","date_gmt":"2025-06-28T14:54:59","guid":{"rendered":"https:\/\/uj.adatbank.ro\/lexikon\/termek\/bissingen-nippenburg-otto-maria-otto-bissingen-otto-gr\/"},"modified":"2025-06-28T16:54:59","modified_gmt":"2025-06-28T14:54:59","slug":"bissingen-nippenburg-otto-maria-otto-bissingen-otto-gr","status":"publish","type":"product","link":"https:\/\/uj.adatbank.ro\/lexikon\/termek\/bissingen-nippenburg-otto-maria-otto-bissingen-otto-gr\/","title":{"rendered":"BISSINGEN Nippenburg Ott\u00f3, M\u00e1ria Ott\u00f3, Bissingen Ott\u00f3, gr."},"content":{"rendered":"<p>J\u00e1m, 1860. szept. 25., \u2020\u00a0Kecskem\u00e9t, 1900. \u00e1pr. 21. a mv.- r. k. temet\u0151ben nyugszik.: cs. kir. kamar\u00e1s, husz\u00e1rkapit\u00e1ny, a 13. ezred tisztje, p\u00e1rbajban halt meg. \u2013 B. N. Antal Kajet\u00e1n (1822\u20131894) \u00e9s gr. Eleonora Pergen (1835\u20131909). Testv\u00e9re Rudolf G\u00e1bor. Feles\u00e9ge: sz\u00e1rhegyi gr. L\u00e1z\u00e1r N\u00f3ra (1871. febr. 23. \u2013 1952). (esk. Bp. 1895. aug. 25,.). Le\u00e1nyaik: M\u00e1ria Eleonora, gr. Salm-Hochstraten Hermann\u00e9 (1896\u20131976); Margit Apor Istv\u00e1nn\u00e9 (1897\u20131980); Erzs\u00e9bet (1899\u20131984). \u2013 Cs. kir. kamar\u00e1s, husz\u00e1rkapit\u00e1ny, a 13. ezred tisztje, p\u00e1rbajban halt meg. <br \/><strong>Irod.:<\/strong> Koszta; Lev\u00e9lt\u00e1ri gy\u00e1szj.<\/br><\/p>\n","protected":false},"excerpt":{"rendered":"<p>J\u00e1m, 1860. szept. 25., \u2020\u00a0Kecskem\u00e9t, 1900. \u00e1pr. 21. a mv.- r. k. temet\u0151ben nyugszik.: cs. kir. kamar\u00e1s, husz\u00e1rkapit\u00e1ny, a 13. ezred tisztje, p\u00e1rbajban halt meg. \u2013 B. N. Antal Kajet\u00e1n (1822\u20131894) \u00e9s gr. Eleonora Pergen (1835\u20131909). Testv\u00e9re Rudolf G\u00e1bor. Feles\u00e9ge: sz\u00e1rhegyi gr. L\u00e1z\u00e1r N\u00f3ra (1871. febr. 23. \u2013 1952). (esk. Bp. 1895. aug. 25,.). Le\u00e1nyaik: [&hellip;]<\/p>\n","protected":false},"featured_media":0,"comment_status":"open","ping_status":"closed","template":"","meta":[],"product_brand":[],"product_cat":[137],"product_tag":[],"class_list":{"0":"post-4840","1":"product","2":"type-product","3":"status-publish","5":"product_cat-maros-megyei-eletrajzi-lexikon","7":"first","8":"instock","9":"shipping-taxable","10":"product-type-simple"},"_links":{"self":[{"href":"https:\/\/uj.adatbank.ro\/lexikon\/wp-json\/wp\/v2\/product\/4840","targetHints":{"allow":["GET"]}}],"collection":[{"href":"https:\/\/uj.adatbank.ro\/lexikon\/wp-json\/wp\/v2\/product"}],"about":[{"href":"https:\/\/uj.adatbank.ro\/lexikon\/wp-json\/wp\/v2\/types\/product"}],"replies":[{"embeddable":true,"href":"https:\/\/uj.adatbank.ro\/lexikon\/wp-json\/wp\/v2\/comments?post=4840"}],"wp:attachment":[{"href":"https:\/\/uj.adatbank.ro\/lexikon\/wp-json\/wp\/v2\/media?parent=4840"}],"wp:term":[{"taxonomy":"product_brand","embeddable":true,"href":"https:\/\/uj.adatbank.ro\/lexikon\/wp-json\/wp\/v2\/product_brand?post=4840"},{"taxonomy":"product_cat","embeddable":true,"href":"https:\/\/uj.adatbank.ro\/lexikon\/wp-json\/wp\/v2\/product_cat?post=4840"},{"taxonomy":"product_tag","embeddable":true,"href":"https:\/\/uj.adatbank.ro\/lexikon\/wp-json\/wp\/v2\/product_tag?post=4840"}],"curies":[{"name":"wp","href":"https:\/\/api.w.org\/{rel}","templated":true}]}}