{"id":4845,"date":"2025-06-28T16:55:09","date_gmt":"2025-06-28T14:55:09","guid":{"rendered":"https:\/\/uj.adatbank.ro\/lexikon\/termek\/bitay-anna\/"},"modified":"2025-06-28T16:55:09","modified_gmt":"2025-06-28T14:55:09","slug":"bitay-anna","status":"publish","type":"product","link":"https:\/\/uj.adatbank.ro\/lexikon\/termek\/bitay-anna\/","title":{"rendered":"BITAY Anna"},"content":{"rendered":"<p>Mv.? \u2020 Mv.? : fest\u0151m\u0171v\u00e9sz. \u2013 Mv.-en mag\u00e1niskol\u00e1kban tanult. A mv.-i fest\u0151iskol\u00e1ban Ciupe Aurel kurzusaira j\u00e1rt, Osv\u00e1th Zsuzsa, Nemes Ir\u00e9n, Bortnyik Ir\u00e9n, Barab\u00e1s Istv\u00e1n \u00e9s m\u00e1sok koll\u00e9g\u00e1i (1935). R\u00e9szt vett a mv.-i k\u00e9pz\u0151m\u0171v\u00e9szeti t\u00e1rlaton (1941). <br \/><strong>Irod.:<\/strong> Banner; Id\u0151t\u00e1r 3; Moln\u00e1r; Szab\u00f3\u2013K\u00e1llai<\/br><\/p>\n","protected":false},"excerpt":{"rendered":"<p>Mv.? \u2020 Mv.? : fest\u0151m\u0171v\u00e9sz. \u2013 Mv.-en mag\u00e1niskol\u00e1kban tanult. A mv.-i fest\u0151iskol\u00e1ban Ciupe Aurel kurzusaira j\u00e1rt, Osv\u00e1th Zsuzsa, Nemes Ir\u00e9n, Bortnyik Ir\u00e9n, Barab\u00e1s Istv\u00e1n \u00e9s m\u00e1sok koll\u00e9g\u00e1i (1935). R\u00e9szt vett a mv.-i k\u00e9pz\u0151m\u0171v\u00e9szeti t\u00e1rlaton (1941). Irod.: Banner; Id\u0151t\u00e1r 3; Moln\u00e1r; Szab\u00f3\u2013K\u00e1llai<\/p>\n","protected":false},"featured_media":0,"comment_status":"open","ping_status":"closed","template":"","meta":[],"product_brand":[],"product_cat":[137],"product_tag":[],"class_list":{"0":"post-4845","1":"product","2":"type-product","3":"status-publish","5":"product_cat-maros-megyei-eletrajzi-lexikon","7":"first","8":"instock","9":"shipping-taxable","10":"product-type-simple"},"_links":{"self":[{"href":"https:\/\/uj.adatbank.ro\/lexikon\/wp-json\/wp\/v2\/product\/4845","targetHints":{"allow":["GET"]}}],"collection":[{"href":"https:\/\/uj.adatbank.ro\/lexikon\/wp-json\/wp\/v2\/product"}],"about":[{"href":"https:\/\/uj.adatbank.ro\/lexikon\/wp-json\/wp\/v2\/types\/product"}],"replies":[{"embeddable":true,"href":"https:\/\/uj.adatbank.ro\/lexikon\/wp-json\/wp\/v2\/comments?post=4845"}],"wp:attachment":[{"href":"https:\/\/uj.adatbank.ro\/lexikon\/wp-json\/wp\/v2\/media?parent=4845"}],"wp:term":[{"taxonomy":"product_brand","embeddable":true,"href":"https:\/\/uj.adatbank.ro\/lexikon\/wp-json\/wp\/v2\/product_brand?post=4845"},{"taxonomy":"product_cat","embeddable":true,"href":"https:\/\/uj.adatbank.ro\/lexikon\/wp-json\/wp\/v2\/product_cat?post=4845"},{"taxonomy":"product_tag","embeddable":true,"href":"https:\/\/uj.adatbank.ro\/lexikon\/wp-json\/wp\/v2\/product_tag?post=4845"}],"curies":[{"name":"wp","href":"https:\/\/api.w.org\/{rel}","templated":true}]}}