{"id":4847,"date":"2025-06-28T16:55:13","date_gmt":"2025-06-28T14:55:13","guid":{"rendered":"https:\/\/uj.adatbank.ro\/lexikon\/termek\/bitay-bela-szecsfalvi\/"},"modified":"2025-06-28T16:55:13","modified_gmt":"2025-06-28T14:55:13","slug":"bitay-bela-szecsfalvi","status":"publish","type":"product","link":"https:\/\/uj.adatbank.ro\/lexikon\/termek\/bitay-bela-szecsfalvi\/","title":{"rendered":"BITAY B\u00e9la, sz\u00e9csfalvi"},"content":{"rendered":"<p>Udvarfalva, 1862. okt. 16., \u2020\u00a0D\u00e9va, 1941. aug.: ref. lelk\u00e9sz. \u2013Tanulm\u00e1nyait Mv.-en a ref. koll.-ban (1881) \u00e9s Bp.-en a ref. teol. akad\u00e9mi\u00e1n v\u00e9gezte (1885). Nevel\u0151 volt gr. Bethlen G\u00e9za csal\u00e1dj\u00e1n\u00e1l (1885\u201387). Hitoktat\u00f3 \u00e9s k\u00e1pl\u00e1n Brass\u00f3ban (1887\u201391); k\u00f6rlelk\u00e9sz Cs\u00edkszered\u00e1n (1892\u20131906); rendes lelk\u00e9sz D\u00e9v\u00e1n (1906\u2013), ahol nyugalomba vonult \u00e9s m\u00e9g az \u00e9vben meghalt. \u00c9l\u00e9nk t\u00e1rsadalmi \u00e9s kultur\u00e1lis \u00e9letet \u00e9lt. Cikkei\u00a0: Prot. K\u00f6zl., Erd. Prot. Lap , zilahi Lelkip\u00e1sztor, Sz\u00e1sz Ger\u0151\u00a0: Pr\u00e9dik\u00e1tori T\u00e1r-ban. Az I. vh.-ban tanus\u00edtott vit\u00e9z magatart\u00e1s\u00e1\u00e9rt a Katonai \u00c9rdemrendet \u00e9s Signumot kapott. \u2013 <strong>F. m.:<\/strong> M. kereszt\u00e9nyek im\u00e1ds\u00e1gos k\u00f6nyve (Bp., 1893); A v\u00edz\u00f6z\u00f6n. L\u00e9gy h\u00edv mindhal\u00e1lig (Bp., 1894); Mil\u00e9niumi pr\u00e9dik\u00e1ci\u00f3 (Bp., 1896); Az angyalok Mamr\u00e9ban (Bp., 1899); Konfirm\u00e1ci\u00f3i k\u00e1t\u00e9 (D\u00e9va, 1907), Isz\u00e1koss\u00e1g (Bp., 1913); Az emberfiainak napjaiban (D\u00e9va, 1915); A h\u00e9tpecs\u00e9tes k\u00f6nyv. (Bp., 1915.); A mennyekorsz\u00e1ga titkaib\u00f3l\u00a0: Tank\u00f6nyv (D\u00e9va, 1917); Hi\u00e1ba val\u00f3 intelmek (D\u00e9va, 1923); \u00dajtestamentomi k\u00e9pek a messi\u00e1si p\u00e1lya kezdet\u00e9b\u0151l (D\u00e9va, 1924); Kar\u00e1csony (D\u00e9va, 1924); <strong>ford., \u00e1tdolgoz\u00e1sok:<\/strong> Modershon ut\u00e1n: Egyiptomi J\u00f3zsef (Bp., 19014); Moderson ut\u00e1n: Izs\u00e1k (Bp., 1915); Amit a l\u00e9lek mond: Evang. elm\u00e9lked\u00e9s: \u00c1tdolgoz\u00e1sok nagy \u00edr\u00e1smagyar\u00e1z\u00f3k m\u0171veib\u0151l (D\u00e9va, 1915). <br \/><strong>Irod.:<\/strong> Guly\u00e1s; Lexiconul vie\u0163ii publice; Zov\u00e1nyi<\/br><\/p>\n","protected":false},"excerpt":{"rendered":"<p>Udvarfalva, 1862. okt. 16., \u2020\u00a0D\u00e9va, 1941. aug.: ref. lelk\u00e9sz. \u2013Tanulm\u00e1nyait Mv.-en a ref. koll.-ban (1881) \u00e9s Bp.-en a ref. teol. akad\u00e9mi\u00e1n v\u00e9gezte (1885). Nevel\u0151 volt gr. Bethlen G\u00e9za csal\u00e1dj\u00e1n\u00e1l (1885\u201387). Hitoktat\u00f3 \u00e9s k\u00e1pl\u00e1n Brass\u00f3ban (1887\u201391); k\u00f6rlelk\u00e9sz Cs\u00edkszered\u00e1n (1892\u20131906); rendes lelk\u00e9sz D\u00e9v\u00e1n (1906\u2013), ahol nyugalomba vonult \u00e9s m\u00e9g az \u00e9vben meghalt. \u00c9l\u00e9nk t\u00e1rsadalmi \u00e9s kultur\u00e1lis \u00e9letet [&hellip;]<\/p>\n","protected":false},"featured_media":0,"comment_status":"open","ping_status":"closed","template":"","meta":[],"product_brand":[],"product_cat":[137],"product_tag":[],"class_list":{"0":"post-4847","1":"product","2":"type-product","3":"status-publish","5":"product_cat-maros-megyei-eletrajzi-lexikon","7":"first","8":"instock","9":"shipping-taxable","10":"product-type-simple"},"_links":{"self":[{"href":"https:\/\/uj.adatbank.ro\/lexikon\/wp-json\/wp\/v2\/product\/4847","targetHints":{"allow":["GET"]}}],"collection":[{"href":"https:\/\/uj.adatbank.ro\/lexikon\/wp-json\/wp\/v2\/product"}],"about":[{"href":"https:\/\/uj.adatbank.ro\/lexikon\/wp-json\/wp\/v2\/types\/product"}],"replies":[{"embeddable":true,"href":"https:\/\/uj.adatbank.ro\/lexikon\/wp-json\/wp\/v2\/comments?post=4847"}],"wp:attachment":[{"href":"https:\/\/uj.adatbank.ro\/lexikon\/wp-json\/wp\/v2\/media?parent=4847"}],"wp:term":[{"taxonomy":"product_brand","embeddable":true,"href":"https:\/\/uj.adatbank.ro\/lexikon\/wp-json\/wp\/v2\/product_brand?post=4847"},{"taxonomy":"product_cat","embeddable":true,"href":"https:\/\/uj.adatbank.ro\/lexikon\/wp-json\/wp\/v2\/product_cat?post=4847"},{"taxonomy":"product_tag","embeddable":true,"href":"https:\/\/uj.adatbank.ro\/lexikon\/wp-json\/wp\/v2\/product_tag?post=4847"}],"curies":[{"name":"wp","href":"https:\/\/api.w.org\/{rel}","templated":true}]}}