{"id":4848,"date":"2025-06-28T16:55:16","date_gmt":"2025-06-28T14:55:16","guid":{"rendered":"https:\/\/uj.adatbank.ro\/lexikon\/termek\/bitay-gabor\/"},"modified":"2025-06-28T16:55:16","modified_gmt":"2025-06-28T14:55:16","slug":"bitay-gabor","status":"publish","type":"product","link":"https:\/\/uj.adatbank.ro\/lexikon\/termek\/bitay-gabor\/","title":{"rendered":"BITAY G\u00e1bor"},"content":{"rendered":"<p>?, \u2020\u00a0?\u00a0: tan\u00edt\u00f3. \u2013 Okl-es tan\u00edt\u00f3 Marosszentgy\u00f6rgy\u00f6n a ref. egyh\u00e1zi iskol\u00e1ban (1899\u20131901). <br \/><strong>Irod.:<\/strong> S\u00e2ngeorgiu de Mures \u2013 \u015ecoala<\/br><\/p>\n","protected":false},"excerpt":{"rendered":"<p>?, \u2020\u00a0?\u00a0: tan\u00edt\u00f3. \u2013 Okl-es tan\u00edt\u00f3 Marosszentgy\u00f6rgy\u00f6n a ref. egyh\u00e1zi iskol\u00e1ban (1899\u20131901). Irod.: S\u00e2ngeorgiu de Mures \u2013 \u015ecoala<\/p>\n","protected":false},"featured_media":0,"comment_status":"open","ping_status":"closed","template":"","meta":[],"product_brand":[],"product_cat":[137],"product_tag":[],"class_list":{"0":"post-4848","1":"product","2":"type-product","3":"status-publish","5":"product_cat-maros-megyei-eletrajzi-lexikon","7":"first","8":"instock","9":"shipping-taxable","10":"product-type-simple"},"_links":{"self":[{"href":"https:\/\/uj.adatbank.ro\/lexikon\/wp-json\/wp\/v2\/product\/4848","targetHints":{"allow":["GET"]}}],"collection":[{"href":"https:\/\/uj.adatbank.ro\/lexikon\/wp-json\/wp\/v2\/product"}],"about":[{"href":"https:\/\/uj.adatbank.ro\/lexikon\/wp-json\/wp\/v2\/types\/product"}],"replies":[{"embeddable":true,"href":"https:\/\/uj.adatbank.ro\/lexikon\/wp-json\/wp\/v2\/comments?post=4848"}],"wp:attachment":[{"href":"https:\/\/uj.adatbank.ro\/lexikon\/wp-json\/wp\/v2\/media?parent=4848"}],"wp:term":[{"taxonomy":"product_brand","embeddable":true,"href":"https:\/\/uj.adatbank.ro\/lexikon\/wp-json\/wp\/v2\/product_brand?post=4848"},{"taxonomy":"product_cat","embeddable":true,"href":"https:\/\/uj.adatbank.ro\/lexikon\/wp-json\/wp\/v2\/product_cat?post=4848"},{"taxonomy":"product_tag","embeddable":true,"href":"https:\/\/uj.adatbank.ro\/lexikon\/wp-json\/wp\/v2\/product_tag?post=4848"}],"curies":[{"name":"wp","href":"https:\/\/api.w.org\/{rel}","templated":true}]}}